{"id":963,"date":"2017-10-12T09:55:59","date_gmt":"2017-10-12T09:55:59","guid":{"rendered":"http:\/\/thierryguibert.fr\/?page_id=963"},"modified":"2018-07-04T13:33:45","modified_gmt":"2018-07-04T13:33:45","slug":"topos-projet-en-cours","status":"publish","type":"page","link":"https:\/\/thierryguibert.fr\/?page_id=963","title":{"rendered":"TOPOS (projet en cours)"},"content":{"rendered":"<img loading=\"lazy\" class=\"alignnone size-full wp-image-940\" src=\"http:\/\/thierryguibert.fr\/wp-content\/uploads\/2017\/09\/paysageBlanc-grosPlan-e1505665431603.jpg\" alt=\"\" width=\"1000\" height=\"667\" \/>\n<p><span lang=\"FR-CA\">TOPOS est un projet de sonification de cartes topographiques. A l\u2019aide de mon instrument SOLARIS &#8211; qui permet de transformer toute forme visuelle en une forme sonore &#8211; j\u2019ai d\u00e9cid\u00e9 d\u2019interroger la notion de carte topographique dans sa facult\u00e9 \u00e0 repr\u00e9senter un territoire r\u00e9el et de transformer cette repr\u00e9sentation visuelle en une repr\u00e9sentation sonore\u00a0: une traduction. La carte topographique\u00a0<\/span><span lang=\"FR-CA\">devient ainsi une partition, l\u2019espace repr\u00e9sent\u00e9 un paysage sonore.<\/span><\/p>\n<img loading=\"lazy\" class=\"alignnone size-full wp-image-946\" src=\"http:\/\/thierryguibert.fr\/wp-content\/uploads\/2017\/09\/disqueBois-carte2-selection1-e1505666100111.jpg\" alt=\"\" width=\"1000\" height=\"1000\" \/>\n<p><b>L\u2019origine du projet<\/b><\/p>\n<p>Le projet a commenc\u00e9 \u00e0 Qu\u00e9bec lors d\u2019une r\u00e9sidence de recherche-cr\u00e9ation \u00e0 la Chambre Blanche durant l\u2019\u00e9t\u00e9 2017. J\u2019ai exp\u00e9riment\u00e9 la gravure au laser de cartes topographiques sur des disques en plexiglas et sur du bois. Les diff\u00e9rentes variations de couleurs des cartes originales ont alors g\u00e9n\u00e9r\u00e9 des d\u00e9nivel\u00e9s subtils sur les disques, de v\u00e9ritables paysages 3D en miniature. J\u2019ai ensuite commenc\u00e9 \u00e0 sonoriser ces disques-paysages sur mon syst\u00e8me SOLARIS en cr\u00e9ant des mod\u00e8les sonores sp\u00e9cifiques pour chaque territoire repr\u00e9sent\u00e9. La modulation lumineuse produite par le relief faisant varier la g\u00e9n\u00e9ration sonore en temps r\u00e9el.<\/p>\n<p>Actuellement, le projet TOPOS est encore dans une phase exp\u00e9rimentale o\u00f9 je cherche de nouveaux mat\u00e9riaux pour pouvoir graver ces cartes devenues des paysages sonores. Car si la gravure sur bois a donn\u00e9 de bons r\u00e9sultats au niveau des effets de mati\u00e8re, d\u2019autres \u00a0mat\u00e9riaux comme la c\u00e9ramique, le verre ou le m\u00e9tal pourraient donner des r\u00e9sultats int\u00e9ressants et surprenants au niveau de la luminosit\u00e9, de la captation et de la pr\u00e9sence du mat\u00e9riau.<\/p>\n<p>Un prototype de syst\u00e8me d\u2019\u00e9clairage a \u00e9t\u00e9 r\u00e9alis\u00e9 qui consiste en un anneau \u00e0 leds dispos\u00e9 \u00e0 360 degr\u00e9s autour du disque. Celui-ci \u00e9claire le disque de tous les c\u00f4t\u00e9s, sur la tranche ou l\u00e9g\u00e8rement en plong\u00e9e en fonction des r\u00e9glages. Celui-ci pourra \u00eatre pilot\u00e9 par une carte Arduino qui permettra de faire varier la direction, la puissance, la r\u00e9partition et la dynamique de l\u2019\u00e9clairage afin de moduler la g\u00e9n\u00e9ration sonore. Ce prototype demanderait encore \u00e0 \u00eatre d\u00e9velopp\u00e9 afin qu\u2019il soit totalement fonctionnel et adapt\u00e9 \u00e0 mes besoins.<\/p>\n<img loading=\"lazy\" class=\"alignnone size-full wp-image-916\" src=\"http:\/\/thierryguibert.fr\/wp-content\/uploads\/2017\/09\/toposonique-1-e1505427617327.jpg\" alt=\"\" width=\"1000\" height=\"1000\" \/>\n<p><b>L\u2019id\u00e9e g\u00e9n\u00e9rale<\/b><\/p>\n<p>Ce projet de repr\u00e9sentation sonore d\u2019un territoire peut nous rappeler \u00ab\u00a0la sonographie du monde\u00a0\u00bb propos\u00e9e par Murray Schafer dans son livre \u00ab\u00a0Paysage sonore\u00a0\u00bb. Mais \u00e0 la diff\u00e9rence de celui-ci qui s\u2019int\u00e9resse au territoire sonore r\u00e9el, TOPOS est une interpr\u00e9tation sonore d\u2019une repr\u00e9sentation visuelle d\u2019un territoire, une repr\u00e9sentation au deuxi\u00e8me degr\u00e9. Voil\u00e0 pourquoi je parle davantage d\u2019extrapolation, de correspondance, de traduction, de transfert, de transcodage d\u2019un m\u00e9dium vers un autre. TOPOS interroge alors notre facult\u00e9 \u00e0 empiler les repr\u00e9sentations de repr\u00e9sentations sur le r\u00e9el dont nous ne cessons de nous distancier.<\/p>\n<p>On pensera aussi particuli\u00e8rement \u00e0 Ryoandji de John Cage o\u00f9 les courbes des pierres d\u2019un jardin zen ont servi de syst\u00e8me de composition pour les glissandi effectu\u00e9s par les musiciens. La partition devenant \u00e0 son tour un jardin graphique en attente de se transmuer en un jardin sonore. TOPOS rejoint ici cette id\u00e9e que toute<u><\/u>structure peut servir de mod\u00e8le de transformation de la mati\u00e8re en formes visuelles, sonores, olfactives, gustatives, haptiques et kinesth\u00e9siques.<u><\/u><\/p>\n<p>TOPOS nous rappelle enfin que l\u2019appr\u00e9hension du r\u00e9el n\u2019est jamais mono sensorielle mais passe toujours par des captations poly sensorielles en interaction \u00e0 partir desquelles nous construisons nos mod\u00e8les r\u00e9duits du monde. C\u2019est ce que sont les cartes de TOPOS, des mod\u00e8les r\u00e9duits, des noyaux \u00e0 r\u00e9activer et \u00e0 d\u00e9plier vers tous les sens.<\/p>\n<img loading=\"lazy\" class=\"alignnone size-full wp-image-941\" src=\"http:\/\/thierryguibert.fr\/wp-content\/uploads\/2017\/09\/paysageBlanc-dispositif-e1505665416380.jpg\" alt=\"\" width=\"1000\" height=\"1500\" \/>\n<p><span lang=\"FR-CA\">Dans son principe, le projet TOPOS pourra se d\u00e9velopper in situ en fonction des lieux o\u00f9 il sera accueilli et r\u00e9activ\u00e9. Ainsi, des disques sp\u00e9cifiques de la r\u00e9gion o\u00f9 auront lieu les r\u00e9sidences de recherche-cr\u00e9ation pourront \u00eatre produits et venir compl\u00e9ter la collection TOPOS. La premi\u00e8re partie du projet est constitu\u00e9e de quatre disques grav\u00e9s sur du bois de la province de Qu\u00e9bec. Chaque disque porte comme titre les coordonn\u00e9es du point GPS qui permettent de rep\u00e9rer le territoire de l\u2019espace. Chaque point GPS choisi est ainsi le centre d\u2019une composition singuli\u00e8re, une extrapolation sonore et visuelle du territoire.<\/span><\/p>\n","protected":false},"excerpt":{"rendered":"<p>TOPOS est un projet de sonification de cartes topographiques. A l\u2019aide de mon instrument SOLARIS &#8211; qui permet de transformer toute forme visuelle en une forme sonore &#8211; j\u2019ai d\u00e9cid\u00e9 d\u2019interroger la notion de carte topographique dans sa facult\u00e9 \u00e0 repr\u00e9senter un territoire r\u00e9el et de transformer cette repr\u00e9sentation visuelle en une repr\u00e9sentation sonore\u00a0: une&#8230;  <a class=\"excerpt-read-more\" href=\"https:\/\/thierryguibert.fr\/?page_id=963\" title=\"Read TOPOS (projet en cours)\">Read more &raquo;<\/a><\/p>\n","protected":false},"author":1,"featured_media":946,"parent":56,"menu_order":0,"comment_status":"closed","ping_status":"closed","template":"","meta":[],"acf":[],"_links":{"self":[{"href":"https:\/\/thierryguibert.fr\/index.php?rest_route=\/wp\/v2\/pages\/963"}],"collection":[{"href":"https:\/\/thierryguibert.fr\/index.php?rest_route=\/wp\/v2\/pages"}],"about":[{"href":"https:\/\/thierryguibert.fr\/index.php?rest_route=\/wp\/v2\/types\/page"}],"author":[{"embeddable":true,"href":"https:\/\/thierryguibert.fr\/index.php?rest_route=\/wp\/v2\/users\/1"}],"replies":[{"embeddable":true,"href":"https:\/\/thierryguibert.fr\/index.php?rest_route=%2Fwp%2Fv2%2Fcomments&post=963"}],"version-history":[{"count":7,"href":"https:\/\/thierryguibert.fr\/index.php?rest_route=\/wp\/v2\/pages\/963\/revisions"}],"predecessor-version":[{"id":1103,"href":"https:\/\/thierryguibert.fr\/index.php?rest_route=\/wp\/v2\/pages\/963\/revisions\/1103"}],"up":[{"embeddable":true,"href":"https:\/\/thierryguibert.fr\/index.php?rest_route=\/wp\/v2\/pages\/56"}],"wp:featuredmedia":[{"embeddable":true,"href":"https:\/\/thierryguibert.fr\/index.php?rest_route=\/wp\/v2\/media\/946"}],"wp:attachment":[{"href":"https:\/\/thierryguibert.fr\/index.php?rest_route=%2Fwp%2Fv2%2Fmedia&parent=963"}],"curies":[{"name":"wp","href":"https:\/\/api.w.org\/{rel}","templated":true}]}}