{"id":96,"date":"2015-08-19T19:49:07","date_gmt":"2015-08-19T19:49:07","guid":{"rendered":"http:\/\/thierryguibert.fr\/?page_id=96"},"modified":"2021-12-05T17:02:30","modified_gmt":"2021-12-05T17:02:30","slug":"le-projet-enveloppes-temporelles","status":"publish","type":"page","link":"https:\/\/thierryguibert.fr\/?page_id=96","title":{"rendered":"Enveloppes temporelles"},"content":{"rendered":"<a href=\"http:\/\/thierryguibert.fr\/wp-content\/uploads\/2016\/12\/MONTAGE-PHOTO-ET-2001-4.jpg\"><img loading=\"lazy\" class=\"alignnone size-full wp-image-645\" src=\"http:\/\/thierryguibert.fr\/wp-content\/uploads\/2016\/12\/MONTAGE-PHOTO-ET-2001-4.jpg\" alt=\"montage-photo-et-2001-4\" width=\"2598\" height=\"1654\" srcset=\"https:\/\/thierryguibert.fr\/wp-content\/uploads\/2016\/12\/MONTAGE-PHOTO-ET-2001-4.jpg 2598w, https:\/\/thierryguibert.fr\/wp-content\/uploads\/2016\/12\/MONTAGE-PHOTO-ET-2001-4-300x191.jpg 300w, https:\/\/thierryguibert.fr\/wp-content\/uploads\/2016\/12\/MONTAGE-PHOTO-ET-2001-4-768x489.jpg 768w, https:\/\/thierryguibert.fr\/wp-content\/uploads\/2016\/12\/MONTAGE-PHOTO-ET-2001-4-1024x652.jpg 1024w\" sizes=\"(max-width: 2598px) 100vw, 2598px\" \/><\/a><a href=\"http:\/\/thierryguibert.fr\/wp-content\/uploads\/2016\/12\/MONTAGE-PHOTO-ET-TRON-7.jpg\"><img loading=\"lazy\" class=\"alignnone size-full wp-image-644\" src=\"http:\/\/thierryguibert.fr\/wp-content\/uploads\/2016\/12\/MONTAGE-PHOTO-ET-TRON-7.jpg\" alt=\"montage-photo-et-tron-7\" width=\"2598\" height=\"1654\" srcset=\"https:\/\/thierryguibert.fr\/wp-content\/uploads\/2016\/12\/MONTAGE-PHOTO-ET-TRON-7.jpg 2598w, https:\/\/thierryguibert.fr\/wp-content\/uploads\/2016\/12\/MONTAGE-PHOTO-ET-TRON-7-300x191.jpg 300w, https:\/\/thierryguibert.fr\/wp-content\/uploads\/2016\/12\/MONTAGE-PHOTO-ET-TRON-7-768x489.jpg 768w, https:\/\/thierryguibert.fr\/wp-content\/uploads\/2016\/12\/MONTAGE-PHOTO-ET-TRON-7-1024x652.jpg 1024w\" sizes=\"(max-width: 2598px) 100vw, 2598px\" \/><\/a><a href=\"http:\/\/thierryguibert.fr\/wp-content\/uploads\/2016\/12\/MONTAGE-PHOTO-ET-STALKER.jpg\"><img loading=\"lazy\" class=\"alignnone size-full wp-image-643\" src=\"http:\/\/thierryguibert.fr\/wp-content\/uploads\/2016\/12\/MONTAGE-PHOTO-ET-STALKER.jpg\" alt=\"montage-photo-et-stalker\" width=\"2598\" height=\"1654\" srcset=\"https:\/\/thierryguibert.fr\/wp-content\/uploads\/2016\/12\/MONTAGE-PHOTO-ET-STALKER.jpg 2598w, https:\/\/thierryguibert.fr\/wp-content\/uploads\/2016\/12\/MONTAGE-PHOTO-ET-STALKER-300x191.jpg 300w, https:\/\/thierryguibert.fr\/wp-content\/uploads\/2016\/12\/MONTAGE-PHOTO-ET-STALKER-768x489.jpg 768w, https:\/\/thierryguibert.fr\/wp-content\/uploads\/2016\/12\/MONTAGE-PHOTO-ET-STALKER-1024x652.jpg 1024w\" sizes=\"(max-width: 2598px) 100vw, 2598px\" \/><\/a>\n<p><strong> Enveloppes temporelles<\/strong><br \/>\nIl s\u2019agit de trois photographies panoramiques de grandes dimensions pr\u00e9sentant des films de l\u2019histoire du cin\u00e9ma (\u00ab Stalker \u00bb, \u00ab 2001 L\u2019Odyss\u00e9e de l\u2019espace \u00bb et \u00ab TRON \u00bb). Ces images sont construites selon la technique du \u201cSlitScan\u201d : Dans ce processus, le logiciel ne conserve que la ligne correspondant aux bords de chaque image ; en haut, \u00e0 droite, en bas puis \u00e0 gauche. Le centre de l\u2019image n\u2019est donc pas pris en compte. Cette frange qui d\u00e9limite le bord de l\u2019image est ensuite d\u00e9pli\u00e9e verticalement puis accol\u00e9e aux pr\u00e9c\u00e9dentes de mani\u00e8re \u00e0 former un continuum.<br \/>\nL\u2019image construite qui en r\u00e9sulte prend l\u2019apparence d\u2019une longue anamorphose fragment\u00e9e qui met en \u00e9vidence la structure temporelle du film par l\u2019encha\u00eenement des diff\u00e9rents plans-s\u00e9quences ainsi que les divers mouvements apparus au bord du cadre filmique (gauche, droite, haut et bas).<br \/>\nCette \u201cimage temporelle\u201d du film est donc une image existante potentiellement car construite \u00e0 partir de toutes les images du film mais jamais vue au cin\u00e9ma car situ\u00e9e sur les bords du cadre filmique et d\u00e9pli\u00e9e dans le temps total du film.<\/p>\n<p>-&gt; <a href=\"http:\/\/thierryguibert.fr\/?page_id=638\">Dessins<\/a><br \/>\n-&gt; <a href=\"http:\/\/thierryguibert.fr\/?page_id=681\">2001 L&rsquo;Odyss\u00e9e de l&rsquo;espace (d\u00e9tails)<\/a><br \/>\n-&gt; <a href=\"http:\/\/thierryguibert.fr\/?page_id=668\">Stalker (d\u00e9tails)<\/a><br \/>\n-&gt; <a href=\"http:\/\/thierryguibert.fr\/?page_id=647\">TRON (d\u00e9tails)<\/a><\/p>\n<p><strong>G\u00e9n\u00e9rique<\/strong><br \/>\n<strong>Conception :<\/strong> Thierry Guibert<br \/>\n<strong>R\u00e9alisation:<\/strong> Programmation graphique, Benoit Courribet.<br \/>\n<strong>Technique :<\/strong> Programmation graphique dans Max\/Msp-Jitter, impression sur Forex 5mm, collage sur ch\u00e2ssis PVC.<br \/>\n<strong>Production :<\/strong> <strong><a href=\"http:\/\/www.oudeis.fr\/\">OUDEIS<\/a><\/strong><\/p>\n","protected":false},"excerpt":{"rendered":"<p>Enveloppes temporelles Il s\u2019agit de trois photographies panoramiques de grandes dimensions pr\u00e9sentant des films de l\u2019histoire du cin\u00e9ma (\u00ab Stalker \u00bb, \u00ab 2001 L\u2019Odyss\u00e9e de l\u2019espace \u00bb et \u00ab TRON \u00bb). Ces images sont construites selon la technique du \u201cSlitScan\u201d : Dans ce processus, le logiciel ne conserve que la ligne correspondant aux bords de&#8230;  <a class=\"excerpt-read-more\" href=\"https:\/\/thierryguibert.fr\/?page_id=96\" title=\"Read Enveloppes temporelles\">Read more &raquo;<\/a><\/p>\n","protected":false},"author":1,"featured_media":0,"parent":56,"menu_order":1,"comment_status":"closed","ping_status":"closed","template":"full-width.php","meta":[],"acf":[],"_links":{"self":[{"href":"https:\/\/thierryguibert.fr\/index.php?rest_route=\/wp\/v2\/pages\/96"}],"collection":[{"href":"https:\/\/thierryguibert.fr\/index.php?rest_route=\/wp\/v2\/pages"}],"about":[{"href":"https:\/\/thierryguibert.fr\/index.php?rest_route=\/wp\/v2\/types\/page"}],"author":[{"embeddable":true,"href":"https:\/\/thierryguibert.fr\/index.php?rest_route=\/wp\/v2\/users\/1"}],"replies":[{"embeddable":true,"href":"https:\/\/thierryguibert.fr\/index.php?rest_route=%2Fwp%2Fv2%2Fcomments&post=96"}],"version-history":[{"count":23,"href":"https:\/\/thierryguibert.fr\/index.php?rest_route=\/wp\/v2\/pages\/96\/revisions"}],"predecessor-version":[{"id":1231,"href":"https:\/\/thierryguibert.fr\/index.php?rest_route=\/wp\/v2\/pages\/96\/revisions\/1231"}],"up":[{"embeddable":true,"href":"https:\/\/thierryguibert.fr\/index.php?rest_route=\/wp\/v2\/pages\/56"}],"wp:attachment":[{"href":"https:\/\/thierryguibert.fr\/index.php?rest_route=%2Fwp%2Fv2%2Fmedia&parent=96"}],"curies":[{"name":"wp","href":"https:\/\/api.w.org\/{rel}","templated":true}]}}