{"id":787,"date":"2016-12-08T17:58:18","date_gmt":"2016-12-08T17:58:18","guid":{"rendered":"http:\/\/thierryguibert.fr\/?page_id=787"},"modified":"2016-12-08T17:59:43","modified_gmt":"2016-12-08T17:59:43","slug":"mecanique-generale-videos","status":"publish","type":"page","link":"https:\/\/thierryguibert.fr\/?page_id=787","title":{"rendered":"M\u00e9canique G\u00e9n\u00e9rale : vid\u00e9os"},"content":{"rendered":"<p>Ci-dessous, enregistrement d\u2019un moment de jeu dans <strong>M\u00e9canique g\u00e9n\u00e9rale,\u00a0<\/strong>voyage au travers des phonogrammes.<br \/>\n<iframe loading=\"lazy\" src=\"https:\/\/www.youtube.com\/embed\/ioy12fZHAGs\" width=\"560\" height=\"315\" frameborder=\"0\" allowfullscreen=\"allowfullscreen\"><\/iframe><\/p>\n<p>Ci-dessous, enregistrement d\u2019un moment de jeu dans \u00ab\u00a0M\u00e9canique g\u00e9n\u00e9rale\u00a0\u00bb : s\u00e9lection d\u2019un mot-cl\u00e9 puis travelling autour d\u2019une ligne de temps.<br \/>\n<iframe loading=\"lazy\" src=\"https:\/\/www.youtube.com\/embed\/5lVnIaoFsWU\" width=\"560\" height=\"315\" frameborder=\"0\" allowfullscreen=\"allowfullscreen\"><\/iframe><\/p>\n","protected":false},"excerpt":{"rendered":"<p>Ci-dessous, enregistrement d\u2019un moment de jeu dans M\u00e9canique g\u00e9n\u00e9rale,\u00a0voyage au travers des phonogrammes. Ci-dessous, enregistrement d\u2019un moment de jeu dans \u00ab\u00a0M\u00e9canique g\u00e9n\u00e9rale\u00a0\u00bb : s\u00e9lection d\u2019un mot-cl\u00e9 puis travelling autour d\u2019une ligne de temps.<\/p>\n","protected":false},"author":1,"featured_media":0,"parent":117,"menu_order":0,"comment_status":"closed","ping_status":"closed","template":"full-width.php","meta":[],"acf":[],"_links":{"self":[{"href":"https:\/\/thierryguibert.fr\/index.php?rest_route=\/wp\/v2\/pages\/787"}],"collection":[{"href":"https:\/\/thierryguibert.fr\/index.php?rest_route=\/wp\/v2\/pages"}],"about":[{"href":"https:\/\/thierryguibert.fr\/index.php?rest_route=\/wp\/v2\/types\/page"}],"author":[{"embeddable":true,"href":"https:\/\/thierryguibert.fr\/index.php?rest_route=\/wp\/v2\/users\/1"}],"replies":[{"embeddable":true,"href":"https:\/\/thierryguibert.fr\/index.php?rest_route=%2Fwp%2Fv2%2Fcomments&post=787"}],"version-history":[{"count":3,"href":"https:\/\/thierryguibert.fr\/index.php?rest_route=\/wp\/v2\/pages\/787\/revisions"}],"predecessor-version":[{"id":790,"href":"https:\/\/thierryguibert.fr\/index.php?rest_route=\/wp\/v2\/pages\/787\/revisions\/790"}],"up":[{"embeddable":true,"href":"https:\/\/thierryguibert.fr\/index.php?rest_route=\/wp\/v2\/pages\/117"}],"wp:attachment":[{"href":"https:\/\/thierryguibert.fr\/index.php?rest_route=%2Fwp%2Fv2%2Fmedia&parent=787"}],"curies":[{"name":"wp","href":"https:\/\/api.w.org\/{rel}","templated":true}]}}