{"id":67,"date":"2015-08-19T15:54:10","date_gmt":"2015-08-19T15:54:10","guid":{"rendered":"http:\/\/thierryguibert.fr\/?page_id=67"},"modified":"2021-12-05T17:13:09","modified_gmt":"2021-12-05T17:13:09","slug":"solaris","status":"publish","type":"page","link":"https:\/\/thierryguibert.fr\/?page_id=67","title":{"rendered":"SOLARIS"},"content":{"rendered":"<a href=\"http:\/\/thierryguibert.fr\/wp-content\/uploads\/2016\/12\/MONTAGE-PHOTOS-SOLARIS-LOGICIEL-2.jpg\"><img loading=\"lazy\" class=\"alignnone wp-image-775\" src=\"http:\/\/thierryguibert.fr\/wp-content\/uploads\/2016\/12\/MONTAGE-PHOTOS-SOLARIS-LOGICIEL-2.jpg\" alt=\"\" width=\"1000\" height=\"563\" srcset=\"https:\/\/thierryguibert.fr\/wp-content\/uploads\/2016\/12\/MONTAGE-PHOTOS-SOLARIS-LOGICIEL-2.jpg 1920w, https:\/\/thierryguibert.fr\/wp-content\/uploads\/2016\/12\/MONTAGE-PHOTOS-SOLARIS-LOGICIEL-2-300x169.jpg 300w, https:\/\/thierryguibert.fr\/wp-content\/uploads\/2016\/12\/MONTAGE-PHOTOS-SOLARIS-LOGICIEL-2-768x432.jpg 768w, https:\/\/thierryguibert.fr\/wp-content\/uploads\/2016\/12\/MONTAGE-PHOTOS-SOLARIS-LOGICIEL-2-1024x576.jpg 1024w\" sizes=\"(max-width: 1000px) 100vw, 1000px\" \/><\/a>\n<p><strong>SOLARIS : un projet de disques graphiques sonoris\u00e9s<\/strong><\/p>\n<p>Il s&rsquo;agit d&rsquo;un projet de disques graphiques sonoris\u00e9s qui seront jou\u00e9s sur des platines de DJ modifi\u00e9es. En rempla\u00e7ant les t\u00eates de lecture des platines vinyles par des micro-cam\u00e9ras ultra rapides, nous obtenons un flux d&rsquo;images mobiles qu&rsquo;un programme informatique interpr\u00e8te comme du son. Le disque rejoint alors la partition, l&rsquo;espace visuel devient un espace sonore.<\/p>\n<p><strong>Le dispositif instrumental<br \/>\n<\/strong><em><a href=\"http:\/\/thierryguibert.fr\/wp-content\/uploads\/2016\/10\/IMG_4273.jpg\"><img loading=\"lazy\" class=\"alignnone size-full wp-image-392\" src=\"http:\/\/thierryguibert.fr\/wp-content\/uploads\/2016\/10\/IMG_4273.jpg\" alt=\"\" width=\"5472\" height=\"3648\" srcset=\"https:\/\/thierryguibert.fr\/wp-content\/uploads\/2016\/10\/IMG_4273.jpg 5472w, https:\/\/thierryguibert.fr\/wp-content\/uploads\/2016\/10\/IMG_4273-300x200.jpg 300w, https:\/\/thierryguibert.fr\/wp-content\/uploads\/2016\/10\/IMG_4273-768x512.jpg 768w, https:\/\/thierryguibert.fr\/wp-content\/uploads\/2016\/10\/IMG_4273-1024x683.jpg 1024w\" sizes=\"(max-width: 5472px) 100vw, 5472px\" \/><\/a><br \/>\n<\/em><strong>Descriptif du dispositif instrumental (en anglais)<br \/>\nDescription of the instrument device (in English)<\/strong><br \/>\n<iframe loading=\"lazy\" src=\"https:\/\/www.youtube.com\/embed\/exp7fNCJ1Tk\" width=\"560\" height=\"315\" frameborder=\"0\" allowfullscreen=\"allowfullscreen\"><\/iframe><br \/>\n<strong>SOLARIS : un nouvel instrument audiovisuel<\/strong><br \/>\nA l\u2019origine, <strong>SOLARIS<\/strong> est un projet de sonorisation de disques graphiques. Dans la lign\u00e9e des travaux de Thomas Wilfred et de Daniel Rossin\u00e9 Thierry Guibert a imagin\u00e9 et d\u00e9velopp\u00e9 un instrument qui permet de transformer des formes visuelles en formes sonores\u00a0: un pickup-scanner-synth\u00e9tiseur.<\/p>\n<p>V\u00e9ritable instrument audiovisuel, <strong>SOLARIS<\/strong> permet d\u2019\u00e9crire des sons en correspondance avec des formes graphiques afin de pouvoir les jouer lors de performances. En mode \u00ab\u00a0\u00e9dition\u00a0\u00bb, l\u2019utilisateur d\u00e9finit les modalit\u00e9s de g\u00e9n\u00e9ration du son\u00a0: le type de sons g\u00e9n\u00e9r\u00e9s, les degr\u00e9s de g\u00e9n\u00e9rativit\u00e9 et de hasard, les niveaux d\u2019interactions. Pour chaque disque, Il cr\u00e9\u00e9 ainsi un mod\u00e8le sonore dont l\u2019actualisation d\u00e9pendra de diff\u00e9rents facteurs\u00a0: luminosit\u00e9, vitesse de rotation, couleurs et formes. L\u2019utilisateur peut aussi cr\u00e9er plusieurs mod\u00e8les sonores pour un m\u00eame disque\u00a0: un mod\u00e8le tr\u00e8s bruitiste ou un autre plus harmonieux et minimaliste mais dont la forme finale restera ouverte.<\/p>\n<p>En mode \u00ab\u00a0jeu\u00a0\u00bb, l\u2019utilisateur peut alors performer ses disques en jouant sur les diff\u00e9rents param\u00e8tres voulus\u00a0: acc\u00e9l\u00e9rer ou ralentir le disque, varier la luminosit\u00e9, changer le sens de rotation. La mod\u00e9lisation 3D qui permet de visualiser\u00a0ce que voit la cam\u00e9ra de <strong>SOLARIS<\/strong>\u00a0propose une version extrud\u00e9e des disques dont le volume d\u00e9pendra de la valeur des pixels de l\u2019image. Le disque graphique n\u2019est donc pas visualis\u00e9 tel quel mais transform\u00e9. La navigation dans l\u2019espace 3D permet diff\u00e9rentes visualisations de celui-ci et d\u00e9clenche des effets audio.<\/p>\n<p>-&gt; <a href=\"http:\/\/thierryguibert.fr\/?page_id=709\">Dessins<\/a><br \/>\n-&gt; <a href=\"http:\/\/thierryguibert.fr\/?page_id=730\">Les premiers disques<\/a><br \/>\n-&gt; <a href=\"http:\/\/thierryguibert.fr\/?page_id=744\">Le dispositif<\/a><br \/>\n-&gt; <a href=\"http:\/\/thierryguibert.fr\/?page_id=779\">Vid\u00e9os<\/a><br \/>\n<em><br \/>\n<\/em><strong>Les collaborateurs<\/strong><br \/>\nBeno\u00eet Courribet : artiste, musicien, programmation audiovisuelle dans Max\/Msp-Jitter.<br \/>\nThierry Guibert : artiste, conception et direction artistique.<br \/>\nEmmanuel Hourquet : artiste, Design Graphique.<br \/>\nChristian Laroche : artiste, m\u00e9canicien, \u00e9lectronicien, construction programmation des<br \/>\nplatines.<\/p>\n<p><strong>Co-Producteurs et partenaires<\/strong><br \/>\nThierry Guibert, Emmanuel Hourquet, Acces-)s(, OUDEIS<br \/>\n<a href=\"http:\/\/thierryguibert.fr\/wp-content\/uploads\/2015\/09\/logo-Acces-s-petit.jpg\"><img loading=\"lazy\" class=\"wp-image-231 alignleft\" src=\"http:\/\/thierryguibert.fr\/wp-content\/uploads\/2015\/09\/logo-Acces-s-petit.jpg\" alt=\"logo acc\u008fs)s(\" width=\"160\" height=\"55\" \/><\/a><br \/>\n<a href=\"http:\/\/thierryguibert.fr\/wp-content\/uploads\/2015\/09\/logo-OUDEIS-petit.jpg\"><img loading=\"lazy\" class=\"wp-image-229 alignleft\" src=\"http:\/\/thierryguibert.fr\/wp-content\/uploads\/2015\/09\/logo-OUDEIS-petit.jpg\" alt=\"logo-OUDEIS-petit\" width=\"155\" height=\"53\" \/><\/a><\/p>\n","protected":false},"excerpt":{"rendered":"<p>SOLARIS : un projet de disques graphiques sonoris\u00e9s Il s&rsquo;agit d&rsquo;un projet de disques graphiques sonoris\u00e9s qui seront jou\u00e9s sur des platines de DJ modifi\u00e9es. En rempla\u00e7ant les t\u00eates de lecture des platines vinyles par des micro-cam\u00e9ras ultra rapides, nous obtenons un flux d&rsquo;images mobiles qu&rsquo;un programme informatique interpr\u00e8te comme du son. Le disque rejoint&#8230;  <a class=\"excerpt-read-more\" href=\"https:\/\/thierryguibert.fr\/?page_id=67\" title=\"Read SOLARIS\">Read more &raquo;<\/a><\/p>\n","protected":false},"author":1,"featured_media":775,"parent":56,"menu_order":0,"comment_status":"closed","ping_status":"open","template":"full-width.php","meta":[],"acf":[],"_links":{"self":[{"href":"https:\/\/thierryguibert.fr\/index.php?rest_route=\/wp\/v2\/pages\/67"}],"collection":[{"href":"https:\/\/thierryguibert.fr\/index.php?rest_route=\/wp\/v2\/pages"}],"about":[{"href":"https:\/\/thierryguibert.fr\/index.php?rest_route=\/wp\/v2\/types\/page"}],"author":[{"embeddable":true,"href":"https:\/\/thierryguibert.fr\/index.php?rest_route=\/wp\/v2\/users\/1"}],"replies":[{"embeddable":true,"href":"https:\/\/thierryguibert.fr\/index.php?rest_route=%2Fwp%2Fv2%2Fcomments&post=67"}],"version-history":[{"count":88,"href":"https:\/\/thierryguibert.fr\/index.php?rest_route=\/wp\/v2\/pages\/67\/revisions"}],"predecessor-version":[{"id":1233,"href":"https:\/\/thierryguibert.fr\/index.php?rest_route=\/wp\/v2\/pages\/67\/revisions\/1233"}],"up":[{"embeddable":true,"href":"https:\/\/thierryguibert.fr\/index.php?rest_route=\/wp\/v2\/pages\/56"}],"wp:featuredmedia":[{"embeddable":true,"href":"https:\/\/thierryguibert.fr\/index.php?rest_route=\/wp\/v2\/media\/775"}],"wp:attachment":[{"href":"https:\/\/thierryguibert.fr\/index.php?rest_route=%2Fwp%2Fv2%2Fmedia&parent=67"}],"curies":[{"name":"wp","href":"https:\/\/api.w.org\/{rel}","templated":true}]}}