{"id":620,"date":"2016-12-02T14:03:10","date_gmt":"2016-12-02T14:03:10","guid":{"rendered":"http:\/\/thierryguibert.fr\/?page_id=620"},"modified":"2016-12-02T14:05:15","modified_gmt":"2016-12-02T14:05:15","slug":"mecanique-generale-base-de-donnees","status":"publish","type":"page","link":"https:\/\/thierryguibert.fr\/?page_id=620","title":{"rendered":"M\u00e9canique g\u00e9n\u00e9rale : Base de donn\u00e9es"},"content":{"rendered":"<p>Ci-dessous, quelques images de la base de donn\u00e9es de <strong>M\u00e9canique G\u00e9n\u00e9rale<\/strong>.<br \/>\n<a href=\"http:\/\/thierryguibert.fr\/wp-content\/uploads\/2016\/12\/MONTAGE-BDD-MG-2.jpg\"><img loading=\"lazy\" class=\"alignnone size-full wp-image-622\" src=\"http:\/\/thierryguibert.fr\/wp-content\/uploads\/2016\/12\/MONTAGE-BDD-MG-2.jpg\" alt=\"montage-bdd-mg-2\" width=\"2598\" height=\"1653\" srcset=\"https:\/\/thierryguibert.fr\/wp-content\/uploads\/2016\/12\/MONTAGE-BDD-MG-2.jpg 2598w, https:\/\/thierryguibert.fr\/wp-content\/uploads\/2016\/12\/MONTAGE-BDD-MG-2-300x191.jpg 300w, https:\/\/thierryguibert.fr\/wp-content\/uploads\/2016\/12\/MONTAGE-BDD-MG-2-768x489.jpg 768w, https:\/\/thierryguibert.fr\/wp-content\/uploads\/2016\/12\/MONTAGE-BDD-MG-2-1024x652.jpg 1024w\" sizes=\"(max-width: 2598px) 100vw, 2598px\" \/><br \/>\n<\/a><a href=\"http:\/\/thierryguibert.fr\/wp-content\/uploads\/2016\/12\/MONTAGE-BDD-MG-1.jpg\"><img loading=\"lazy\" class=\"alignnone size-full wp-image-623\" src=\"http:\/\/thierryguibert.fr\/wp-content\/uploads\/2016\/12\/MONTAGE-BDD-MG-1.jpg\" alt=\"montage-bdd-mg-1\" width=\"2598\" height=\"1654\" srcset=\"https:\/\/thierryguibert.fr\/wp-content\/uploads\/2016\/12\/MONTAGE-BDD-MG-1.jpg 2598w, https:\/\/thierryguibert.fr\/wp-content\/uploads\/2016\/12\/MONTAGE-BDD-MG-1-300x191.jpg 300w, https:\/\/thierryguibert.fr\/wp-content\/uploads\/2016\/12\/MONTAGE-BDD-MG-1-768x489.jpg 768w, https:\/\/thierryguibert.fr\/wp-content\/uploads\/2016\/12\/MONTAGE-BDD-MG-1-1024x652.jpg 1024w\" sizes=\"(max-width: 2598px) 100vw, 2598px\" \/><br \/>\n<\/a><a href=\"http:\/\/thierryguibert.fr\/wp-content\/uploads\/2016\/12\/MONTAGE-BDD-MG-3.jpg\"><img loading=\"lazy\" class=\"alignnone size-full wp-image-624\" src=\"http:\/\/thierryguibert.fr\/wp-content\/uploads\/2016\/12\/MONTAGE-BDD-MG-3.jpg\" alt=\"montage-bdd-mg-3\" width=\"2598\" height=\"1653\" srcset=\"https:\/\/thierryguibert.fr\/wp-content\/uploads\/2016\/12\/MONTAGE-BDD-MG-3.jpg 2598w, https:\/\/thierryguibert.fr\/wp-content\/uploads\/2016\/12\/MONTAGE-BDD-MG-3-300x191.jpg 300w, https:\/\/thierryguibert.fr\/wp-content\/uploads\/2016\/12\/MONTAGE-BDD-MG-3-768x489.jpg 768w, https:\/\/thierryguibert.fr\/wp-content\/uploads\/2016\/12\/MONTAGE-BDD-MG-3-1024x652.jpg 1024w\" sizes=\"(max-width: 2598px) 100vw, 2598px\" \/><\/a><\/p>\n","protected":false},"excerpt":{"rendered":"<p>Ci-dessous, quelques images de la base de donn\u00e9es de M\u00e9canique G\u00e9n\u00e9rale.<\/p>\n","protected":false},"author":1,"featured_media":0,"parent":117,"menu_order":0,"comment_status":"closed","ping_status":"closed","template":"full-width.php","meta":[],"acf":[],"_links":{"self":[{"href":"https:\/\/thierryguibert.fr\/index.php?rest_route=\/wp\/v2\/pages\/620"}],"collection":[{"href":"https:\/\/thierryguibert.fr\/index.php?rest_route=\/wp\/v2\/pages"}],"about":[{"href":"https:\/\/thierryguibert.fr\/index.php?rest_route=\/wp\/v2\/types\/page"}],"author":[{"embeddable":true,"href":"https:\/\/thierryguibert.fr\/index.php?rest_route=\/wp\/v2\/users\/1"}],"replies":[{"embeddable":true,"href":"https:\/\/thierryguibert.fr\/index.php?rest_route=%2Fwp%2Fv2%2Fcomments&post=620"}],"version-history":[{"count":3,"href":"https:\/\/thierryguibert.fr\/index.php?rest_route=\/wp\/v2\/pages\/620\/revisions"}],"predecessor-version":[{"id":628,"href":"https:\/\/thierryguibert.fr\/index.php?rest_route=\/wp\/v2\/pages\/620\/revisions\/628"}],"up":[{"embeddable":true,"href":"https:\/\/thierryguibert.fr\/index.php?rest_route=\/wp\/v2\/pages\/117"}],"wp:attachment":[{"href":"https:\/\/thierryguibert.fr\/index.php?rest_route=%2Fwp%2Fv2%2Fmedia&parent=620"}],"curies":[{"name":"wp","href":"https:\/\/api.w.org\/{rel}","templated":true}]}}