{"id":611,"date":"2016-12-02T08:02:58","date_gmt":"2016-12-02T08:02:58","guid":{"rendered":"http:\/\/thierryguibert.fr\/?page_id=611"},"modified":"2021-07-08T19:39:12","modified_gmt":"2021-07-08T19:39:12","slug":"methodologie-de-recherche-creation","status":"publish","type":"page","link":"https:\/\/thierryguibert.fr\/?page_id=611","title":{"rendered":"M\u00e9thodologie de recherche-cr\u00e9ation"},"content":{"rendered":"\n<div class=\"wp-block-image\"><figure class=\"aligncenter\"><img loading=\"lazy\" width=\"1500\" height=\"1119\" src=\"http:\/\/thierryguibert.fr\/wp-content\/uploads\/2021\/07\/metho-illustration-1.jpg\" alt=\"\" class=\"wp-image-1183\" srcset=\"https:\/\/thierryguibert.fr\/wp-content\/uploads\/2021\/07\/metho-illustration-1.jpg 1500w, https:\/\/thierryguibert.fr\/wp-content\/uploads\/2021\/07\/metho-illustration-1-300x224.jpg 300w, https:\/\/thierryguibert.fr\/wp-content\/uploads\/2021\/07\/metho-illustration-1-768x573.jpg 768w, https:\/\/thierryguibert.fr\/wp-content\/uploads\/2021\/07\/metho-illustration-1-1024x764.jpg 1024w\" sizes=\"(max-width: 1500px) 100vw, 1500px\" \/><\/figure><\/div>\n\n\n\n<h4 class=\"has-text-align-center\">Repr\u00e9sentation de ma recherche-cr\u00e9ation, \u00e9tape 1<\/h4>\n\n\n\n<hr class=\"wp-block-separator aligncenter\"\/>\n\n\n\n<div class=\"wp-block-image\"><figure class=\"aligncenter\"><img loading=\"lazy\" width=\"1024\" height=\"652\" src=\"http:\/\/thierryguibert.fr\/wp-content\/uploads\/2016\/12\/MONTAGE-ILLUSTRATION-METHO-3-1024x652.jpg\" alt=\"\" class=\"wp-image-756\"\/><\/figure><\/div>\n\n\n\n<h4 class=\"has-text-align-center\">Repr\u00e9sentation de ma recherche-cr\u00e9ation, \u00e9tape 2<\/h4>\n\n\n\n<hr class=\"wp-block-separator\"\/>\n\n\n\n<div class=\"wp-block-image\"><figure class=\"aligncenter\"><img loading=\"lazy\" width=\"1500\" height=\"955\" src=\"http:\/\/thierryguibert.fr\/wp-content\/uploads\/2016\/12\/MONTAGE-ILLUSTRATION-METHO-2-e1625756779956.jpg\" alt=\"\" class=\"wp-image-755\"\/><\/figure><\/div>\n\n\n\n<h4 class=\"has-text-align-center\">Repr\u00e9sentation de ma recherche-cr\u00e9ation, \u00e9tape 3<\/h4>\n\n\n\n<hr class=\"wp-block-separator\"\/>\n\n\n\n<div class=\"wp-block-image\"><figure class=\"aligncenter\"><img loading=\"lazy\" width=\"1500\" height=\"1006\" src=\"http:\/\/thierryguibert.fr\/wp-content\/uploads\/2016\/12\/Poster-Solaris-EN-2D-e1625756847655.jpg\" alt=\"\" class=\"wp-image-757\"\/><\/figure><\/div>\n\n\n\n<h4 class=\"has-text-align-center\">Le poster-outil \u00ab\u00a0neutre\u00a0\u00bb<\/h4>\n\n\n\n<hr class=\"wp-block-separator\"\/>\n\n\n\n<div class=\"wp-block-image\"><figure class=\"aligncenter\"><img loading=\"lazy\" width=\"1500\" height=\"1021\" src=\"http:\/\/thierryguibert.fr\/wp-content\/uploads\/2021\/07\/metho-illustration-5-e1625757190488.jpg\" alt=\"\" class=\"wp-image-1185\"\/><\/figure><\/div>\n\n\n\n<h4 class=\"has-text-align-center\">Le poster-outil appliqu\u00e9 \u00e0 <em>M\u00e9canique G\u00e9n\u00e9rale<\/em><\/h4>\n\n\n\n<hr class=\"wp-block-separator\"\/>\n\n\n\n<div class=\"wp-block-image\"><figure class=\"aligncenter\"><img loading=\"lazy\" width=\"1500\" height=\"1700\" src=\"http:\/\/thierryguibert.fr\/wp-content\/uploads\/2021\/07\/metho-illustration-6.jpg\" alt=\"\" class=\"wp-image-1188\" srcset=\"https:\/\/thierryguibert.fr\/wp-content\/uploads\/2021\/07\/metho-illustration-6.jpg 1500w, https:\/\/thierryguibert.fr\/wp-content\/uploads\/2021\/07\/metho-illustration-6-265x300.jpg 265w, https:\/\/thierryguibert.fr\/wp-content\/uploads\/2021\/07\/metho-illustration-6-768x870.jpg 768w, https:\/\/thierryguibert.fr\/wp-content\/uploads\/2021\/07\/metho-illustration-6-904x1024.jpg 904w\" sizes=\"(max-width: 1500px) 100vw, 1500px\" \/><\/figure><\/div>\n\n\n\n<h4 class=\"has-text-align-center\">Tableau synth\u00e9tique de <em>M\u00e9canique G\u00e9n\u00e9rale<\/em>, s\u00e9lection des \u00e9l\u00e9ments de la \u00ab\u00a0machine-cin\u00e9ma\u00a0\u00bb travaill\u00e9s dans mon projet<\/h4>\n\n\n\n<hr class=\"wp-block-separator\"\/>\n\n\n\n<div class=\"wp-block-image\"><figure class=\"aligncenter\"><img loading=\"lazy\" width=\"1500\" height=\"1026\" src=\"http:\/\/thierryguibert.fr\/wp-content\/uploads\/2021\/07\/metho-illustration-7.jpg\" alt=\"\" class=\"wp-image-1189\" srcset=\"https:\/\/thierryguibert.fr\/wp-content\/uploads\/2021\/07\/metho-illustration-7.jpg 1500w, https:\/\/thierryguibert.fr\/wp-content\/uploads\/2021\/07\/metho-illustration-7-300x205.jpg 300w, https:\/\/thierryguibert.fr\/wp-content\/uploads\/2021\/07\/metho-illustration-7-768x525.jpg 768w, https:\/\/thierryguibert.fr\/wp-content\/uploads\/2021\/07\/metho-illustration-7-1024x700.jpg 1024w\" sizes=\"(max-width: 1500px) 100vw, 1500px\" \/><\/figure><\/div>\n\n\n\n<h4 class=\"has-text-align-center\">Le poster-outil appliqu\u00e9 \u00e0 <em>Enveloppes temporelles<\/em><\/h4>\n\n\n\n<hr class=\"wp-block-separator\"\/>\n\n\n\n<div class=\"wp-block-image\"><figure class=\"aligncenter\"><img loading=\"lazy\" width=\"1500\" height=\"921\" src=\"http:\/\/thierryguibert.fr\/wp-content\/uploads\/2021\/07\/metho-illustration-8.jpg\" alt=\"\" class=\"wp-image-1190\" srcset=\"https:\/\/thierryguibert.fr\/wp-content\/uploads\/2021\/07\/metho-illustration-8.jpg 1500w, https:\/\/thierryguibert.fr\/wp-content\/uploads\/2021\/07\/metho-illustration-8-300x184.jpg 300w, https:\/\/thierryguibert.fr\/wp-content\/uploads\/2021\/07\/metho-illustration-8-768x472.jpg 768w, https:\/\/thierryguibert.fr\/wp-content\/uploads\/2021\/07\/metho-illustration-8-1024x629.jpg 1024w\" sizes=\"(max-width: 1500px) 100vw, 1500px\" \/><\/figure><\/div>\n\n\n\n<h4 class=\"has-text-align-center\">Tableau synth\u00e9tique des <em>Enveloppes temporelles<\/em>, s\u00e9lection des \u00e9l\u00e9ments de la \u00ab\u00a0machine-cin\u00e9ma\u00a0\u00bb travaill\u00e9s dans mon projet<\/h4>\n\n\n\n<hr class=\"wp-block-separator\"\/>\n\n\n\n<div class=\"wp-block-image\"><figure class=\"aligncenter\"><img loading=\"lazy\" width=\"1500\" height=\"1025\" src=\"http:\/\/thierryguibert.fr\/wp-content\/uploads\/2021\/07\/metho-illustration-9.jpg\" alt=\"\" class=\"wp-image-1191\" srcset=\"https:\/\/thierryguibert.fr\/wp-content\/uploads\/2021\/07\/metho-illustration-9.jpg 1500w, https:\/\/thierryguibert.fr\/wp-content\/uploads\/2021\/07\/metho-illustration-9-300x205.jpg 300w, https:\/\/thierryguibert.fr\/wp-content\/uploads\/2021\/07\/metho-illustration-9-768x525.jpg 768w, https:\/\/thierryguibert.fr\/wp-content\/uploads\/2021\/07\/metho-illustration-9-1024x700.jpg 1024w\" sizes=\"(max-width: 1500px) 100vw, 1500px\" \/><\/figure><\/div>\n\n\n\n<h4 class=\"has-text-align-center\">Le poster-outil appliqu\u00e9 \u00e0 <em>SOLARIS<\/em><\/h4>\n\n\n\n<hr class=\"wp-block-separator\"\/>\n\n\n\n<div class=\"wp-block-image\"><figure class=\"aligncenter\"><img loading=\"lazy\" width=\"1500\" height=\"1959\" src=\"http:\/\/thierryguibert.fr\/wp-content\/uploads\/2021\/07\/metho-illustration-10.jpg\" alt=\"\" class=\"wp-image-1192\" srcset=\"https:\/\/thierryguibert.fr\/wp-content\/uploads\/2021\/07\/metho-illustration-10.jpg 1500w, https:\/\/thierryguibert.fr\/wp-content\/uploads\/2021\/07\/metho-illustration-10-230x300.jpg 230w, https:\/\/thierryguibert.fr\/wp-content\/uploads\/2021\/07\/metho-illustration-10-768x1003.jpg 768w, https:\/\/thierryguibert.fr\/wp-content\/uploads\/2021\/07\/metho-illustration-10-784x1024.jpg 784w\" sizes=\"(max-width: 1500px) 100vw, 1500px\" \/><\/figure><\/div>\n\n\n\n<h4 class=\"has-text-align-center\">Tableau synth\u00e9tique de <em>SOLARIS<\/em>, s\u00e9lection des \u00e9l\u00e9ments de la \u00ab\u00a0machine-cin\u00e9ma\u00a0\u00bb travaill\u00e9s dans mon projet<\/h4>\n","protected":false},"excerpt":{"rendered":"<p>Repr\u00e9sentation de ma recherche-cr\u00e9ation, \u00e9tape 1 Repr\u00e9sentation de ma recherche-cr\u00e9ation, \u00e9tape 2 Repr\u00e9sentation de ma recherche-cr\u00e9ation, \u00e9tape 3 Le poster-outil \u00ab\u00a0neutre\u00a0\u00bb Le poster-outil appliqu\u00e9 \u00e0 M\u00e9canique G\u00e9n\u00e9rale Tableau synth\u00e9tique de M\u00e9canique G\u00e9n\u00e9rale, s\u00e9lection des \u00e9l\u00e9ments de la \u00ab\u00a0machine-cin\u00e9ma\u00a0\u00bb travaill\u00e9s dans mon projet Le poster-outil appliqu\u00e9 \u00e0 Enveloppes temporelles Tableau synth\u00e9tique des Enveloppes temporelles, s\u00e9lection des&#8230;  <a class=\"excerpt-read-more\" href=\"https:\/\/thierryguibert.fr\/?page_id=611\" title=\"Read M\u00e9thodologie de recherche-cr\u00e9ation\">Read more &raquo;<\/a><\/p>\n","protected":false},"author":1,"featured_media":0,"parent":121,"menu_order":0,"comment_status":"closed","ping_status":"closed","template":"full-width.php","meta":[],"acf":[],"_links":{"self":[{"href":"https:\/\/thierryguibert.fr\/index.php?rest_route=\/wp\/v2\/pages\/611"}],"collection":[{"href":"https:\/\/thierryguibert.fr\/index.php?rest_route=\/wp\/v2\/pages"}],"about":[{"href":"https:\/\/thierryguibert.fr\/index.php?rest_route=\/wp\/v2\/types\/page"}],"author":[{"embeddable":true,"href":"https:\/\/thierryguibert.fr\/index.php?rest_route=\/wp\/v2\/users\/1"}],"replies":[{"embeddable":true,"href":"https:\/\/thierryguibert.fr\/index.php?rest_route=%2Fwp%2Fv2%2Fcomments&post=611"}],"version-history":[{"count":33,"href":"https:\/\/thierryguibert.fr\/index.php?rest_route=\/wp\/v2\/pages\/611\/revisions"}],"predecessor-version":[{"id":1225,"href":"https:\/\/thierryguibert.fr\/index.php?rest_route=\/wp\/v2\/pages\/611\/revisions\/1225"}],"up":[{"embeddable":true,"href":"https:\/\/thierryguibert.fr\/index.php?rest_route=\/wp\/v2\/pages\/121"}],"wp:attachment":[{"href":"https:\/\/thierryguibert.fr\/index.php?rest_route=%2Fwp%2Fv2%2Fmedia&parent=611"}],"curies":[{"name":"wp","href":"https:\/\/api.w.org\/{rel}","templated":true}]}}