{"id":586,"date":"2016-12-01T20:46:45","date_gmt":"2016-12-01T20:46:45","guid":{"rendered":"http:\/\/thierryguibert.fr\/?page_id=586"},"modified":"2017-06-03T22:09:19","modified_gmt":"2017-06-03T22:09:19","slug":"concrete-gradients","status":"publish","type":"page","link":"https:\/\/thierryguibert.fr\/?page_id=586","title":{"rendered":"CONCRETE : Gradients"},"content":{"rendered":"<p>Voici un\u00a0extrait vid\u00e9o de l&rsquo;album\u00a0<strong>Gradients<\/strong>\u00a0r\u00e9alis\u00e9 par le duo\u00a0<a href=\"http:\/\/thierryguibert.fr\/?page_id=383\">CONCRETE<\/a>.<br \/>\nCe clip est enti\u00e8rement g\u00e9n\u00e9r\u00e9 en temps r\u00e9el (son et image) \u00e0 partir de disques graphiques imprim\u00e9s sur papier et interpr\u00e9t\u00e9s\u00a0par l&rsquo;instrument\u00a0<a href=\"http:\/\/thierryguibert.fr\/?page_id=67\">SOLARIS<\/a>.<br \/>\n<strong>Gradients <\/strong>est<strong>\u00a0<\/strong>une exp\u00e9rimentation bas\u00e9e sur l\u2019id\u00e9e d\u2019un d\u00e9grad\u00e9 graphique et sonore. L\u2019\u00e9volution de diff\u00e9rentes valeurs de gris provoque de\u00a0tr\u00e8s lents glissandi de plusieurs fr\u00e9quences sonores d\u00e9structurant ainsi un accord majeur 7. L\u2019accord en lui-m\u00eame est donc, \u00e0 contrario de la musique harmonique, per\u00e7u comme l\u2019accident qui pourrait na\u00eetre de ce chaos sonore.<br \/>\nIl est recommand\u00e9\u00a0d&rsquo;\u00e9couter\u00a0l&rsquo;extrait avec un casque audio de bonne qualit\u00e9.<br \/>\n<iframe loading=\"lazy\" src=\"https:\/\/www.youtube.com\/embed\/5OMHJajuduo\" width=\"560\" height=\"315\" frameborder=\"0\" allowfullscreen=\"allowfullscreen\"><\/iframe><br \/>\nCi-dessous, un enregistrement sonore de <strong>Gradients<\/strong> g\u00e9n\u00e9r\u00e9 en temps r\u00e9el lors de la performance \u00e0 \u00ab\u00a0Espaces Pluriels\u00a0\u00bb \u00e0 Pau le samedi 11 mars 2017.<\/p>\n<!--[if lt IE 9]><script>document.createElement('audio');<\/script><![endif]-->\n<audio class=\"wp-audio-shortcode\" id=\"audio-586-1\" preload=\"none\" style=\"width: 100%;\" controls=\"controls\"><source type=\"audio\/mpeg\" src=\"http:\/\/thierryguibert.fr\/wp-content\/uploads\/2017\/06\/CONCRETE-Gradients-EspacePluriels.mp3?_=1\" \/><a href=\"http:\/\/thierryguibert.fr\/wp-content\/uploads\/2017\/06\/CONCRETE-Gradients-EspacePluriels.mp3\">http:\/\/thierryguibert.fr\/wp-content\/uploads\/2017\/06\/CONCRETE-Gradients-EspacePluriels.mp3<\/a><\/audio>\n<p>Ci-dessous, quelques disques de la s\u00e9rie\u00a0<strong>Gradients<\/strong>.<\/p>\n<p><a href=\"http:\/\/thierryguibert.fr\/wp-content\/uploads\/2016\/11\/Poster_Concrete_Gradients-01-LowRes.jpg\"><img loading=\"lazy\" class=\"alignnone size-full wp-image-529\" src=\"http:\/\/thierryguibert.fr\/wp-content\/uploads\/2016\/11\/Poster_Concrete_Gradients-01-LowRes.jpg\" alt=\"poster_concrete_gradients-01-lowres\" width=\"1000\" height=\"1333\" srcset=\"https:\/\/thierryguibert.fr\/wp-content\/uploads\/2016\/11\/Poster_Concrete_Gradients-01-LowRes.jpg 1000w, https:\/\/thierryguibert.fr\/wp-content\/uploads\/2016\/11\/Poster_Concrete_Gradients-01-LowRes-225x300.jpg 225w, https:\/\/thierryguibert.fr\/wp-content\/uploads\/2016\/11\/Poster_Concrete_Gradients-01-LowRes-768x1024.jpg 768w\" sizes=\"(max-width: 1000px) 100vw, 1000px\" \/><\/a>Ci-dessous, quelques exemple de\u00a0visualisation 3D des disques Gradients dans SOLARIS.<br \/>\n<a href=\"http:\/\/thierryguibert.fr\/wp-content\/uploads\/2016\/11\/161112-2304-27.jpg\"><img loading=\"lazy\" class=\"alignnone size-full wp-image-498\" src=\"http:\/\/thierryguibert.fr\/wp-content\/uploads\/2016\/11\/161112-2304-27.jpg\" alt=\"161112-2304-27\" width=\"1920\" height=\"1080\" srcset=\"https:\/\/thierryguibert.fr\/wp-content\/uploads\/2016\/11\/161112-2304-27.jpg 1920w, https:\/\/thierryguibert.fr\/wp-content\/uploads\/2016\/11\/161112-2304-27-300x169.jpg 300w, https:\/\/thierryguibert.fr\/wp-content\/uploads\/2016\/11\/161112-2304-27-768x432.jpg 768w, https:\/\/thierryguibert.fr\/wp-content\/uploads\/2016\/11\/161112-2304-27-1024x576.jpg 1024w\" sizes=\"(max-width: 1920px) 100vw, 1920px\" \/><br \/>\n<\/a><a href=\"http:\/\/thierryguibert.fr\/wp-content\/uploads\/2016\/11\/161112-2258-26.jpg\"><img loading=\"lazy\" class=\"alignnone size-full wp-image-493\" src=\"http:\/\/thierryguibert.fr\/wp-content\/uploads\/2016\/11\/161112-2258-26.jpg\" alt=\"161112-2258-26\" width=\"1920\" height=\"1080\" srcset=\"https:\/\/thierryguibert.fr\/wp-content\/uploads\/2016\/11\/161112-2258-26.jpg 1920w, https:\/\/thierryguibert.fr\/wp-content\/uploads\/2016\/11\/161112-2258-26-300x169.jpg 300w, https:\/\/thierryguibert.fr\/wp-content\/uploads\/2016\/11\/161112-2258-26-768x432.jpg 768w, https:\/\/thierryguibert.fr\/wp-content\/uploads\/2016\/11\/161112-2258-26-1024x576.jpg 1024w\" sizes=\"(max-width: 1920px) 100vw, 1920px\" \/><\/a><a href=\"http:\/\/thierryguibert.fr\/wp-content\/uploads\/2016\/11\/161112-2304-27.jpg\"><br \/>\n<\/a><a href=\"http:\/\/thierryguibert.fr\/wp-content\/uploads\/2016\/11\/161112-2301-03.jpg\"><img loading=\"lazy\" class=\"alignnone size-full wp-image-495\" src=\"http:\/\/thierryguibert.fr\/wp-content\/uploads\/2016\/11\/161112-2301-03.jpg\" alt=\"161112-2301-03\" width=\"1920\" height=\"1080\" srcset=\"https:\/\/thierryguibert.fr\/wp-content\/uploads\/2016\/11\/161112-2301-03.jpg 1920w, https:\/\/thierryguibert.fr\/wp-content\/uploads\/2016\/11\/161112-2301-03-300x169.jpg 300w, https:\/\/thierryguibert.fr\/wp-content\/uploads\/2016\/11\/161112-2301-03-768x432.jpg 768w, https:\/\/thierryguibert.fr\/wp-content\/uploads\/2016\/11\/161112-2301-03-1024x576.jpg 1024w\" sizes=\"(max-width: 1920px) 100vw, 1920px\" \/><\/a><a href=\"http:\/\/thierryguibert.fr\/wp-content\/uploads\/2016\/11\/Poster_Concrete_Gradients-01-LowRes.jpg\"><br \/>\n<\/a><\/p>\n","protected":false},"excerpt":{"rendered":"<p>Voici un\u00a0extrait vid\u00e9o de l&rsquo;album\u00a0Gradients\u00a0r\u00e9alis\u00e9 par le duo\u00a0CONCRETE. Ce clip est enti\u00e8rement g\u00e9n\u00e9r\u00e9 en temps r\u00e9el (son et image) \u00e0 partir de disques graphiques imprim\u00e9s sur papier et interpr\u00e9t\u00e9s\u00a0par l&rsquo;instrument\u00a0SOLARIS. Gradients est\u00a0une exp\u00e9rimentation bas\u00e9e sur l\u2019id\u00e9e d\u2019un d\u00e9grad\u00e9 graphique et sonore. L\u2019\u00e9volution de diff\u00e9rentes valeurs de gris provoque de\u00a0tr\u00e8s lents glissandi de plusieurs fr\u00e9quences sonores&#8230;  <a class=\"excerpt-read-more\" href=\"https:\/\/thierryguibert.fr\/?page_id=586\" title=\"Read CONCRETE : Gradients\">Read more &raquo;<\/a><\/p>\n","protected":false},"author":1,"featured_media":0,"parent":383,"menu_order":0,"comment_status":"closed","ping_status":"closed","template":"","meta":[],"acf":[],"_links":{"self":[{"href":"https:\/\/thierryguibert.fr\/index.php?rest_route=\/wp\/v2\/pages\/586"}],"collection":[{"href":"https:\/\/thierryguibert.fr\/index.php?rest_route=\/wp\/v2\/pages"}],"about":[{"href":"https:\/\/thierryguibert.fr\/index.php?rest_route=\/wp\/v2\/types\/page"}],"author":[{"embeddable":true,"href":"https:\/\/thierryguibert.fr\/index.php?rest_route=\/wp\/v2\/users\/1"}],"replies":[{"embeddable":true,"href":"https:\/\/thierryguibert.fr\/index.php?rest_route=%2Fwp%2Fv2%2Fcomments&post=586"}],"version-history":[{"count":9,"href":"https:\/\/thierryguibert.fr\/index.php?rest_route=\/wp\/v2\/pages\/586\/revisions"}],"predecessor-version":[{"id":855,"href":"https:\/\/thierryguibert.fr\/index.php?rest_route=\/wp\/v2\/pages\/586\/revisions\/855"}],"up":[{"embeddable":true,"href":"https:\/\/thierryguibert.fr\/index.php?rest_route=\/wp\/v2\/pages\/383"}],"wp:attachment":[{"href":"https:\/\/thierryguibert.fr\/index.php?rest_route=%2Fwp%2Fv2%2Fmedia&parent=586"}],"curies":[{"name":"wp","href":"https:\/\/api.w.org\/{rel}","templated":true}]}}