{"id":580,"date":"2016-12-01T20:37:13","date_gmt":"2016-12-01T20:37:13","guid":{"rendered":"http:\/\/thierryguibert.fr\/?page_id=580"},"modified":"2016-12-02T14:00:57","modified_gmt":"2016-12-02T14:00:57","slug":"mecanique-generale-copies-decran","status":"publish","type":"page","link":"https:\/\/thierryguibert.fr\/?page_id=580","title":{"rendered":"M\u00e9canique g\u00e9n\u00e9rale : copies d&rsquo;\u00e9cran"},"content":{"rendered":"<p><a href=\"http:\/\/thierryguibert.fr\/wp-content\/uploads\/2016\/12\/MONTAGE-PHOTO-MG-15.jpg\"><img loading=\"lazy\" class=\"alignnone size-full wp-image-616\" src=\"http:\/\/thierryguibert.fr\/wp-content\/uploads\/2016\/12\/MONTAGE-PHOTO-MG-15.jpg\" alt=\"montage-photo-mg-15\" width=\"2598\" height=\"1654\" srcset=\"https:\/\/thierryguibert.fr\/wp-content\/uploads\/2016\/12\/MONTAGE-PHOTO-MG-15.jpg 2598w, https:\/\/thierryguibert.fr\/wp-content\/uploads\/2016\/12\/MONTAGE-PHOTO-MG-15-300x191.jpg 300w, https:\/\/thierryguibert.fr\/wp-content\/uploads\/2016\/12\/MONTAGE-PHOTO-MG-15-768x489.jpg 768w, https:\/\/thierryguibert.fr\/wp-content\/uploads\/2016\/12\/MONTAGE-PHOTO-MG-15-1024x652.jpg 1024w\" sizes=\"(max-width: 2598px) 100vw, 2598px\" \/><br \/>\n<\/a><a href=\"http:\/\/thierryguibert.fr\/wp-content\/uploads\/2016\/12\/MONTAGE-PHOTO-MG-14.jpg\"><img loading=\"lazy\" class=\"alignnone size-full wp-image-615\" src=\"http:\/\/thierryguibert.fr\/wp-content\/uploads\/2016\/12\/MONTAGE-PHOTO-MG-14.jpg\" alt=\"montage-photo-mg-14\" width=\"2598\" height=\"1654\" srcset=\"https:\/\/thierryguibert.fr\/wp-content\/uploads\/2016\/12\/MONTAGE-PHOTO-MG-14.jpg 2598w, https:\/\/thierryguibert.fr\/wp-content\/uploads\/2016\/12\/MONTAGE-PHOTO-MG-14-300x191.jpg 300w, https:\/\/thierryguibert.fr\/wp-content\/uploads\/2016\/12\/MONTAGE-PHOTO-MG-14-768x489.jpg 768w, https:\/\/thierryguibert.fr\/wp-content\/uploads\/2016\/12\/MONTAGE-PHOTO-MG-14-1024x652.jpg 1024w\" sizes=\"(max-width: 2598px) 100vw, 2598px\" \/><\/a><a href=\"http:\/\/thierryguibert.fr\/wp-content\/uploads\/2016\/12\/MONTAGE-PHOTO-MG-8.jpg\"><img loading=\"lazy\" class=\"alignnone size-full wp-image-579\" src=\"http:\/\/thierryguibert.fr\/wp-content\/uploads\/2016\/12\/MONTAGE-PHOTO-MG-8.jpg\" alt=\"montage-photo-mg-8\" width=\"2598\" height=\"1654\" srcset=\"https:\/\/thierryguibert.fr\/wp-content\/uploads\/2016\/12\/MONTAGE-PHOTO-MG-8.jpg 2598w, https:\/\/thierryguibert.fr\/wp-content\/uploads\/2016\/12\/MONTAGE-PHOTO-MG-8-300x191.jpg 300w, https:\/\/thierryguibert.fr\/wp-content\/uploads\/2016\/12\/MONTAGE-PHOTO-MG-8-768x489.jpg 768w, https:\/\/thierryguibert.fr\/wp-content\/uploads\/2016\/12\/MONTAGE-PHOTO-MG-8-1024x652.jpg 1024w\" sizes=\"(max-width: 2598px) 100vw, 2598px\" \/><\/a><a href=\"http:\/\/thierryguibert.fr\/wp-content\/uploads\/2016\/12\/MONTAGE-PHOTO-MG-7.jpg\"><img loading=\"lazy\" class=\"alignnone size-full wp-image-578\" src=\"http:\/\/thierryguibert.fr\/wp-content\/uploads\/2016\/12\/MONTAGE-PHOTO-MG-7.jpg\" alt=\"montage-photo-mg-7\" width=\"2598\" height=\"1654\" srcset=\"https:\/\/thierryguibert.fr\/wp-content\/uploads\/2016\/12\/MONTAGE-PHOTO-MG-7.jpg 2598w, https:\/\/thierryguibert.fr\/wp-content\/uploads\/2016\/12\/MONTAGE-PHOTO-MG-7-300x191.jpg 300w, https:\/\/thierryguibert.fr\/wp-content\/uploads\/2016\/12\/MONTAGE-PHOTO-MG-7-768x489.jpg 768w, https:\/\/thierryguibert.fr\/wp-content\/uploads\/2016\/12\/MONTAGE-PHOTO-MG-7-1024x652.jpg 1024w\" sizes=\"(max-width: 2598px) 100vw, 2598px\" \/><\/a><a href=\"http:\/\/thierryguibert.fr\/wp-content\/uploads\/2016\/12\/MONTAGE-PHOTO-MG-6.jpg\"><img loading=\"lazy\" class=\"alignnone size-full wp-image-577\" src=\"http:\/\/thierryguibert.fr\/wp-content\/uploads\/2016\/12\/MONTAGE-PHOTO-MG-6.jpg\" alt=\"montage-photo-mg-6\" width=\"2598\" height=\"1654\" srcset=\"https:\/\/thierryguibert.fr\/wp-content\/uploads\/2016\/12\/MONTAGE-PHOTO-MG-6.jpg 2598w, https:\/\/thierryguibert.fr\/wp-content\/uploads\/2016\/12\/MONTAGE-PHOTO-MG-6-300x191.jpg 300w, https:\/\/thierryguibert.fr\/wp-content\/uploads\/2016\/12\/MONTAGE-PHOTO-MG-6-768x489.jpg 768w, https:\/\/thierryguibert.fr\/wp-content\/uploads\/2016\/12\/MONTAGE-PHOTO-MG-6-1024x652.jpg 1024w\" sizes=\"(max-width: 2598px) 100vw, 2598px\" \/><\/a><a href=\"http:\/\/thierryguibert.fr\/wp-content\/uploads\/2016\/12\/MONTAGE-PHOTO-MG-4.jpg\"><img loading=\"lazy\" class=\"alignnone size-full wp-image-575\" src=\"http:\/\/thierryguibert.fr\/wp-content\/uploads\/2016\/12\/MONTAGE-PHOTO-MG-4.jpg\" alt=\"montage-photo-mg-4\" width=\"2598\" height=\"1654\" srcset=\"https:\/\/thierryguibert.fr\/wp-content\/uploads\/2016\/12\/MONTAGE-PHOTO-MG-4.jpg 2598w, https:\/\/thierryguibert.fr\/wp-content\/uploads\/2016\/12\/MONTAGE-PHOTO-MG-4-300x191.jpg 300w, https:\/\/thierryguibert.fr\/wp-content\/uploads\/2016\/12\/MONTAGE-PHOTO-MG-4-768x489.jpg 768w, https:\/\/thierryguibert.fr\/wp-content\/uploads\/2016\/12\/MONTAGE-PHOTO-MG-4-1024x652.jpg 1024w\" sizes=\"(max-width: 2598px) 100vw, 2598px\" \/><\/a><a href=\"http:\/\/thierryguibert.fr\/wp-content\/uploads\/2016\/12\/MONTAGE-PHOTO-MG-3.jpg\"><img loading=\"lazy\" class=\"alignnone size-full wp-image-574\" src=\"http:\/\/thierryguibert.fr\/wp-content\/uploads\/2016\/12\/MONTAGE-PHOTO-MG-3.jpg\" alt=\"montage-photo-mg-3\" width=\"2598\" height=\"1949\" srcset=\"https:\/\/thierryguibert.fr\/wp-content\/uploads\/2016\/12\/MONTAGE-PHOTO-MG-3.jpg 2598w, https:\/\/thierryguibert.fr\/wp-content\/uploads\/2016\/12\/MONTAGE-PHOTO-MG-3-300x225.jpg 300w, https:\/\/thierryguibert.fr\/wp-content\/uploads\/2016\/12\/MONTAGE-PHOTO-MG-3-768x576.jpg 768w, https:\/\/thierryguibert.fr\/wp-content\/uploads\/2016\/12\/MONTAGE-PHOTO-MG-3-1024x768.jpg 1024w\" sizes=\"(max-width: 2598px) 100vw, 2598px\" \/><\/a><a href=\"http:\/\/thierryguibert.fr\/wp-content\/uploads\/2016\/12\/MONTAGE-PHOTO-MG-2.jpg\"><img loading=\"lazy\" class=\"alignnone size-full wp-image-573\" src=\"http:\/\/thierryguibert.fr\/wp-content\/uploads\/2016\/12\/MONTAGE-PHOTO-MG-2.jpg\" alt=\"montage-photo-mg-2\" width=\"2598\" height=\"1949\" srcset=\"https:\/\/thierryguibert.fr\/wp-content\/uploads\/2016\/12\/MONTAGE-PHOTO-MG-2.jpg 2598w, https:\/\/thierryguibert.fr\/wp-content\/uploads\/2016\/12\/MONTAGE-PHOTO-MG-2-300x225.jpg 300w, https:\/\/thierryguibert.fr\/wp-content\/uploads\/2016\/12\/MONTAGE-PHOTO-MG-2-768x576.jpg 768w, https:\/\/thierryguibert.fr\/wp-content\/uploads\/2016\/12\/MONTAGE-PHOTO-MG-2-1024x768.jpg 1024w\" sizes=\"(max-width: 2598px) 100vw, 2598px\" \/><br \/>\n<\/a><a href=\"http:\/\/thierryguibert.fr\/wp-content\/uploads\/2016\/12\/MONTAGE-PHOTO-MG-11.jpg\"><img loading=\"lazy\" class=\"alignnone size-full wp-image-617\" src=\"http:\/\/thierryguibert.fr\/wp-content\/uploads\/2016\/12\/MONTAGE-PHOTO-MG-11.jpg\" alt=\"montage-photo-mg-11\" width=\"2598\" height=\"1654\" srcset=\"https:\/\/thierryguibert.fr\/wp-content\/uploads\/2016\/12\/MONTAGE-PHOTO-MG-11.jpg 2598w, https:\/\/thierryguibert.fr\/wp-content\/uploads\/2016\/12\/MONTAGE-PHOTO-MG-11-300x191.jpg 300w, https:\/\/thierryguibert.fr\/wp-content\/uploads\/2016\/12\/MONTAGE-PHOTO-MG-11-768x489.jpg 768w, https:\/\/thierryguibert.fr\/wp-content\/uploads\/2016\/12\/MONTAGE-PHOTO-MG-11-1024x652.jpg 1024w\" sizes=\"(max-width: 2598px) 100vw, 2598px\" \/><\/a><\/p>\n","protected":false},"excerpt":{"rendered":"","protected":false},"author":1,"featured_media":0,"parent":117,"menu_order":0,"comment_status":"closed","ping_status":"closed","template":"full-width.php","meta":[],"acf":[],"_links":{"self":[{"href":"https:\/\/thierryguibert.fr\/index.php?rest_route=\/wp\/v2\/pages\/580"}],"collection":[{"href":"https:\/\/thierryguibert.fr\/index.php?rest_route=\/wp\/v2\/pages"}],"about":[{"href":"https:\/\/thierryguibert.fr\/index.php?rest_route=\/wp\/v2\/types\/page"}],"author":[{"embeddable":true,"href":"https:\/\/thierryguibert.fr\/index.php?rest_route=\/wp\/v2\/users\/1"}],"replies":[{"embeddable":true,"href":"https:\/\/thierryguibert.fr\/index.php?rest_route=%2Fwp%2Fv2%2Fcomments&post=580"}],"version-history":[{"count":3,"href":"https:\/\/thierryguibert.fr\/index.php?rest_route=\/wp\/v2\/pages\/580\/revisions"}],"predecessor-version":[{"id":619,"href":"https:\/\/thierryguibert.fr\/index.php?rest_route=\/wp\/v2\/pages\/580\/revisions\/619"}],"up":[{"embeddable":true,"href":"https:\/\/thierryguibert.fr\/index.php?rest_route=\/wp\/v2\/pages\/117"}],"wp:attachment":[{"href":"https:\/\/thierryguibert.fr\/index.php?rest_route=%2Fwp%2Fv2%2Fmedia&parent=580"}],"curies":[{"name":"wp","href":"https:\/\/api.w.org\/{rel}","templated":true}]}}