{"id":551,"date":"2016-12-01T19:41:47","date_gmt":"2016-12-01T19:41:47","guid":{"rendered":"http:\/\/thierryguibert.fr\/?page_id=551"},"modified":"2016-12-06T12:47:12","modified_gmt":"2016-12-06T12:47:12","slug":"mecanique-generale-dessins-schemas-plans","status":"publish","type":"page","link":"https:\/\/thierryguibert.fr\/?page_id=551","title":{"rendered":"M\u00e9canique g\u00e9n\u00e9rale : dessins, sch\u00e9mas, plans"},"content":{"rendered":"<p><a href=\"http:\/\/thierryguibert.fr\/wp-content\/uploads\/2016\/12\/MONTAGE-ILLUSTRATION-MG-4.jpg\"><img loading=\"lazy\" class=\"alignnone size-full wp-image-546\" src=\"http:\/\/thierryguibert.fr\/wp-content\/uploads\/2016\/12\/MONTAGE-ILLUSTRATION-MG-4.jpg\" alt=\"montage-illustration-mg-4\" width=\"2598\" height=\"1654\" srcset=\"https:\/\/thierryguibert.fr\/wp-content\/uploads\/2016\/12\/MONTAGE-ILLUSTRATION-MG-4.jpg 2598w, https:\/\/thierryguibert.fr\/wp-content\/uploads\/2016\/12\/MONTAGE-ILLUSTRATION-MG-4-300x191.jpg 300w, https:\/\/thierryguibert.fr\/wp-content\/uploads\/2016\/12\/MONTAGE-ILLUSTRATION-MG-4-768x489.jpg 768w, https:\/\/thierryguibert.fr\/wp-content\/uploads\/2016\/12\/MONTAGE-ILLUSTRATION-MG-4-1024x652.jpg 1024w\" sizes=\"(max-width: 2598px) 100vw, 2598px\" \/><br \/>\n<\/a><a href=\"http:\/\/thierryguibert.fr\/wp-content\/uploads\/2016\/12\/MONTAGE-ILLUSTRATION-MG-8.jpg\"><img loading=\"lazy\" class=\"alignnone size-full wp-image-550\" src=\"http:\/\/thierryguibert.fr\/wp-content\/uploads\/2016\/12\/MONTAGE-ILLUSTRATION-MG-8.jpg\" alt=\"montage-illustration-mg-8\" width=\"2598\" height=\"1654\" srcset=\"https:\/\/thierryguibert.fr\/wp-content\/uploads\/2016\/12\/MONTAGE-ILLUSTRATION-MG-8.jpg 2598w, https:\/\/thierryguibert.fr\/wp-content\/uploads\/2016\/12\/MONTAGE-ILLUSTRATION-MG-8-300x191.jpg 300w, https:\/\/thierryguibert.fr\/wp-content\/uploads\/2016\/12\/MONTAGE-ILLUSTRATION-MG-8-768x489.jpg 768w, https:\/\/thierryguibert.fr\/wp-content\/uploads\/2016\/12\/MONTAGE-ILLUSTRATION-MG-8-1024x652.jpg 1024w\" sizes=\"(max-width: 2598px) 100vw, 2598px\" \/><\/a><a href=\"http:\/\/thierryguibert.fr\/wp-content\/uploads\/2016\/12\/MONTAGE-ILLUSTRATION-MG-2.jpg\"><img loading=\"lazy\" class=\"alignnone size-full wp-image-544\" src=\"http:\/\/thierryguibert.fr\/wp-content\/uploads\/2016\/12\/MONTAGE-ILLUSTRATION-MG-2.jpg\" alt=\"montage-illustration-mg-2\" width=\"2598\" height=\"1654\" srcset=\"https:\/\/thierryguibert.fr\/wp-content\/uploads\/2016\/12\/MONTAGE-ILLUSTRATION-MG-2.jpg 2598w, https:\/\/thierryguibert.fr\/wp-content\/uploads\/2016\/12\/MONTAGE-ILLUSTRATION-MG-2-300x191.jpg 300w, https:\/\/thierryguibert.fr\/wp-content\/uploads\/2016\/12\/MONTAGE-ILLUSTRATION-MG-2-768x489.jpg 768w, https:\/\/thierryguibert.fr\/wp-content\/uploads\/2016\/12\/MONTAGE-ILLUSTRATION-MG-2-1024x652.jpg 1024w\" sizes=\"(max-width: 2598px) 100vw, 2598px\" \/><\/a><a href=\"http:\/\/thierryguibert.fr\/wp-content\/uploads\/2016\/12\/MONTAGE-ILLUSTRATION-MG-5.jpg\"><br \/>\n<\/a><a href=\"http:\/\/thierryguibert.fr\/wp-content\/uploads\/2016\/12\/MONTAGE-ILLUSTRATION-MG-1.jpg\"><img loading=\"lazy\" class=\"alignnone size-full wp-image-543\" src=\"http:\/\/thierryguibert.fr\/wp-content\/uploads\/2016\/12\/MONTAGE-ILLUSTRATION-MG-1.jpg\" alt=\"montage-illustration-mg-1\" width=\"2598\" height=\"1654\" srcset=\"https:\/\/thierryguibert.fr\/wp-content\/uploads\/2016\/12\/MONTAGE-ILLUSTRATION-MG-1.jpg 2598w, https:\/\/thierryguibert.fr\/wp-content\/uploads\/2016\/12\/MONTAGE-ILLUSTRATION-MG-1-300x191.jpg 300w, https:\/\/thierryguibert.fr\/wp-content\/uploads\/2016\/12\/MONTAGE-ILLUSTRATION-MG-1-768x489.jpg 768w, https:\/\/thierryguibert.fr\/wp-content\/uploads\/2016\/12\/MONTAGE-ILLUSTRATION-MG-1-1024x652.jpg 1024w\" sizes=\"(max-width: 2598px) 100vw, 2598px\" \/><br \/>\n<\/a><a href=\"http:\/\/thierryguibert.fr\/wp-content\/uploads\/2016\/12\/MONTAGE-ILLUSTRATION-MG-3.jpg\"><img loading=\"lazy\" class=\"alignnone size-full wp-image-545\" src=\"http:\/\/thierryguibert.fr\/wp-content\/uploads\/2016\/12\/MONTAGE-ILLUSTRATION-MG-3.jpg\" alt=\"montage-illustration-mg-3\" width=\"2598\" height=\"1654\" srcset=\"https:\/\/thierryguibert.fr\/wp-content\/uploads\/2016\/12\/MONTAGE-ILLUSTRATION-MG-3.jpg 2598w, https:\/\/thierryguibert.fr\/wp-content\/uploads\/2016\/12\/MONTAGE-ILLUSTRATION-MG-3-300x191.jpg 300w, https:\/\/thierryguibert.fr\/wp-content\/uploads\/2016\/12\/MONTAGE-ILLUSTRATION-MG-3-768x489.jpg 768w, https:\/\/thierryguibert.fr\/wp-content\/uploads\/2016\/12\/MONTAGE-ILLUSTRATION-MG-3-1024x652.jpg 1024w\" sizes=\"(max-width: 2598px) 100vw, 2598px\" \/><\/a><a href=\"http:\/\/thierryguibert.fr\/wp-content\/uploads\/2016\/12\/MONTAGE-ILLUSTRATION-MG-5.jpg\"><br \/>\n<\/a><a href=\"http:\/\/thierryguibert.fr\/wp-content\/uploads\/2016\/12\/MONTAGE-ILLUSTRATION-MG-7.jpg\"><img loading=\"lazy\" class=\"alignnone size-full wp-image-549\" src=\"http:\/\/thierryguibert.fr\/wp-content\/uploads\/2016\/12\/MONTAGE-ILLUSTRATION-MG-7.jpg\" alt=\"montage-illustration-mg-7\" width=\"2598\" height=\"1654\" srcset=\"https:\/\/thierryguibert.fr\/wp-content\/uploads\/2016\/12\/MONTAGE-ILLUSTRATION-MG-7.jpg 2598w, https:\/\/thierryguibert.fr\/wp-content\/uploads\/2016\/12\/MONTAGE-ILLUSTRATION-MG-7-300x191.jpg 300w, https:\/\/thierryguibert.fr\/wp-content\/uploads\/2016\/12\/MONTAGE-ILLUSTRATION-MG-7-768x489.jpg 768w, https:\/\/thierryguibert.fr\/wp-content\/uploads\/2016\/12\/MONTAGE-ILLUSTRATION-MG-7-1024x652.jpg 1024w\" sizes=\"(max-width: 2598px) 100vw, 2598px\" \/><br \/>\n<\/a><a href=\"http:\/\/thierryguibert.fr\/wp-content\/uploads\/2016\/12\/MONTAGE-ILLUSTRATION-MG-6.jpg\"><img loading=\"lazy\" class=\"alignnone size-full wp-image-548\" src=\"http:\/\/thierryguibert.fr\/wp-content\/uploads\/2016\/12\/MONTAGE-ILLUSTRATION-MG-6.jpg\" alt=\"montage-illustration-mg-6\" width=\"2598\" height=\"1654\" srcset=\"https:\/\/thierryguibert.fr\/wp-content\/uploads\/2016\/12\/MONTAGE-ILLUSTRATION-MG-6.jpg 2598w, https:\/\/thierryguibert.fr\/wp-content\/uploads\/2016\/12\/MONTAGE-ILLUSTRATION-MG-6-300x191.jpg 300w, https:\/\/thierryguibert.fr\/wp-content\/uploads\/2016\/12\/MONTAGE-ILLUSTRATION-MG-6-768x489.jpg 768w, https:\/\/thierryguibert.fr\/wp-content\/uploads\/2016\/12\/MONTAGE-ILLUSTRATION-MG-6-1024x652.jpg 1024w\" sizes=\"(max-width: 2598px) 100vw, 2598px\" \/><\/a><a href=\"http:\/\/thierryguibert.fr\/wp-content\/uploads\/2016\/12\/MONTAGE-ILLUSTRATION-MG-7.jpg\"><br \/>\n<\/a><a href=\"http:\/\/thierryguibert.fr\/wp-content\/uploads\/2016\/12\/MONTAGE-ILLUSTRATION-MG-5.jpg\"><img loading=\"lazy\" class=\"alignnone size-full wp-image-547\" src=\"http:\/\/thierryguibert.fr\/wp-content\/uploads\/2016\/12\/MONTAGE-ILLUSTRATION-MG-5.jpg\" alt=\"montage-illustration-mg-5\" width=\"2598\" height=\"1654\" srcset=\"https:\/\/thierryguibert.fr\/wp-content\/uploads\/2016\/12\/MONTAGE-ILLUSTRATION-MG-5.jpg 2598w, https:\/\/thierryguibert.fr\/wp-content\/uploads\/2016\/12\/MONTAGE-ILLUSTRATION-MG-5-300x191.jpg 300w, https:\/\/thierryguibert.fr\/wp-content\/uploads\/2016\/12\/MONTAGE-ILLUSTRATION-MG-5-768x489.jpg 768w, https:\/\/thierryguibert.fr\/wp-content\/uploads\/2016\/12\/MONTAGE-ILLUSTRATION-MG-5-1024x652.jpg 1024w\" sizes=\"(max-width: 2598px) 100vw, 2598px\" \/><\/a><\/p>\n<p>&nbsp;<\/p>\n","protected":false},"excerpt":{"rendered":"<p>&nbsp;<\/p>\n","protected":false},"author":1,"featured_media":0,"parent":117,"menu_order":0,"comment_status":"closed","ping_status":"closed","template":"full-width.php","meta":[],"acf":[],"_links":{"self":[{"href":"https:\/\/thierryguibert.fr\/index.php?rest_route=\/wp\/v2\/pages\/551"}],"collection":[{"href":"https:\/\/thierryguibert.fr\/index.php?rest_route=\/wp\/v2\/pages"}],"about":[{"href":"https:\/\/thierryguibert.fr\/index.php?rest_route=\/wp\/v2\/types\/page"}],"author":[{"embeddable":true,"href":"https:\/\/thierryguibert.fr\/index.php?rest_route=\/wp\/v2\/users\/1"}],"replies":[{"embeddable":true,"href":"https:\/\/thierryguibert.fr\/index.php?rest_route=%2Fwp%2Fv2%2Fcomments&post=551"}],"version-history":[{"count":7,"href":"https:\/\/thierryguibert.fr\/index.php?rest_route=\/wp\/v2\/pages\/551\/revisions"}],"predecessor-version":[{"id":717,"href":"https:\/\/thierryguibert.fr\/index.php?rest_route=\/wp\/v2\/pages\/551\/revisions\/717"}],"up":[{"embeddable":true,"href":"https:\/\/thierryguibert.fr\/index.php?rest_route=\/wp\/v2\/pages\/117"}],"wp:attachment":[{"href":"https:\/\/thierryguibert.fr\/index.php?rest_route=%2Fwp%2Fv2%2Fmedia&parent=551"}],"curies":[{"name":"wp","href":"https:\/\/api.w.org\/{rel}","templated":true}]}}