{"id":123,"date":"2015-08-20T18:53:00","date_gmt":"2015-08-20T18:53:00","guid":{"rendered":"http:\/\/thierryguibert.fr\/?page_id=123"},"modified":"2016-02-07T21:33:54","modified_gmt":"2016-02-07T21:33:54","slug":"bibliographie","status":"publish","type":"page","link":"https:\/\/thierryguibert.fr\/?page_id=123","title":{"rendered":"Bibliographie"},"content":{"rendered":"<p>Agamben, G. (2007). Qu&rsquo;est-ce qu&rsquo;un dispositif? Paris, Payot &amp; Rivages.<\/p>\n<p>Albera, F., et al. (2006). \u00ab\u00a0Cin\u00e9lekta 6.\u00a0\u00bb Cin\u00e9mas 17(1).<\/p>\n<p>Altena, A. (2012). Travelling Time : SONIC ACTS XIV. Amsterdam, Sonic Acts Press.<\/p>\n<p>Altena, A. (2013). The Dark Universe : SONIC ACTS XV. Amsterdam, Sonic Acts Press.<\/p>\n<p>Altena, A. and B. Debackere (2008). The Cinematic Experience : SONIC ACTS XII. Amsterdam, Sonic Acts Press.<\/p>\n<p>Altena, A. and L. v. d. Velden (2006). The anthology of computer art : SONIC ACTS XI. Amsterdam, Sonic Acts Press.<\/p>\n<p>Anders, P. (1999). Envisioning cyberspace : designing 3-D electronic spaces. New York ; Montreal, McGraw-Hill.<\/p>\n<p>Arbus, P., et al. (2004). \u00ab\u00a0\u00e9couter \/ voir : les sons au cin\u00e9ma.\u00a0\u00bb Cinergon(17-18).<\/p>\n<p>Assche, C. v., et al. (2002). Sonic process : une nouvelle g\u00e9ographie des sons. Paris, \u00c9ditions du Centre Pompidou.<\/p>\n<p>Aumont, J. (1994). Esth\u00e9tique du film. Paris, F. Nathan.<\/p>\n<p>Aumont, J., et al. (1997). Projections, les transports de l&rsquo;image. Paris<br \/>\nTourcoing, France, F. Hazan<br \/>\nLe Fresnoy<br \/>\nAssociation fran\u00e7aise d&rsquo;action artistique.<\/p>\n<p>Bassan, R., et al. (2014). Cin\u00e9ma exp\u00e9rimental : ab\u00e9c\u00e9daire pour une contre-culture. Crisn\u00e9e, Belgique, \u00c9ditions Yellow now.<\/p>\n<p>Beauvais, Y., et al. (2000). Monter, sampler l&rsquo;\u00e9chantillonnage g\u00e9n\u00e9ralis\u00e9. Paris, Centre Georges Pompidou<br \/>\nScratch projection.<\/p>\n<p>Bellour, R. (1995). L&rsquo;analyse du film. Paris, Calmann-L\u00e9vy.<\/p>\n<p>Bellour, R. (1999). L&rsquo;entre-images 2 : mots, images. Paris, P.O.L.<\/p>\n<p>Bellour, R. (2002). L&rsquo;entre-images. Paris, La Diff\u00e9rence.<\/p>\n<p>Bellour, R. (2012). La querelle des dispositifs : cin\u00e9ma, installations, expositions. Paris, P. O. L.<\/p>\n<p>Bellour, R., et al. (2004). Qu&rsquo;est-ce que le cin\u00e9ma? Paris, P.O.L.<\/p>\n<p>Bendazzi, G. (2001). Alexeieff : itin\u00e9raire d&rsquo;un ma\u00eetre = itinerary of a master. Paris<br \/>\nAnnecy, Dreamland ;<br \/>\nCentre international du cin\u00e9ma d&rsquo;animation ;<br \/>\nCin\u00e9math\u00e8que fran\u00e7aise.<\/p>\n<p>Bergson, H. (1939). Mati\u00e8re et m\u00e9moire. Paris, PUF.<\/p>\n<p>Bogost, I. (2006). Unit operations : an approach to videogame criticism. Cambridge, Mass., MIT Press.<\/p>\n<p>Bolter, J. D. and R. Grusin (1999). Remediation understanding new media. Cambridge, Mass., MIT Press.<\/p>\n<p>Bosseur, J.-Y. (1999). Musique et beaux-arts de l&rsquo;Antiquit\u00e9 au XIXe si\u00e8cle. Paris, Minerve.<\/p>\n<p>Bosseur, J.-Y. (2006). Musique et arts plastiques : interactions au XXe si\u00e8cle. Paris, Minerve.<\/p>\n<p>Bourassa, R. (2010). Les fictions hyperm\u00e9diatiques : mondes fictionnels et espaces ludiques : des arts de m\u00e9moire au cyberespace. Montr\u00e9al, Le Quartanier.<\/p>\n<p>Brenez, N. (2006). Cin\u00e9mas d&rsquo;avant-garde. Paris, Cahiers du cin\u00e9ma ; SC\u00c9R\u00c9N-CNDP.<\/p>\n<p>Buci-Glucksmann, C., et al. (2003). L&rsquo;art \u00e0 l&rsquo;\u00e9poque du virtuel. Collection arts 8. Paris, Harmattan.<\/p>\n<p>Bureaud, A. and N. Magnan (2002). Connexions : art, r\u00e9seaux, m\u00e9dia. Paris, \u00c9cole nationale sup\u00e9rieure des beaux-arts.<\/p>\n<p>Carruthers, M. J. (2002). Machina memorialis : m\u00e9ditation, rh\u00e9torique et fabrication des images au Moyen \u00c2ge. Paris, Gallimard.<\/p>\n<p>Chassey, \u00c9. d., et al. (2001). Made in USA : l&rsquo;art am\u00e9ricain, 1908-1947. Paris, R\u00e9union des mus\u00e9es nationaux.<\/p>\n<p>Chazal, G. (1995). Le miroir automate : introduction \u00e0 une philosophie de l&rsquo;informatique. Seyssel, Champ Vallon.<\/p>\n<p>Chazal, G. (2000). Les r\u00e9seaux du sens de l&rsquo;informatique aux neurosciences. Seyssel, France, Champ Vallon.<\/p>\n<p>Chazal, G. (2002). Interfaces : enqu\u00eate sur les mondes interm\u00e9diaires. Seyssel, Champ Vallon.<\/p>\n<p>Chion, M. (1983). Guide des objets sonores Pierre Schaeffer et la recherche musicale. Paris, Buchet\/Chastel.<\/p>\n<p>Clarisse De Florian, J.-P., et al. (2008-2009). Lanternes magiques : le monde fantastique des images lumineuses. Colmar, Mus\u00e9e d&rsquo;Unterlinden.<\/p>\n<p>Couchot, E. (1988). Images de l&rsquo;optique au num\u00e9rique : les arts visuels et l&rsquo;\u00e9volution des technologies. Paris, Herm\u00e8s.<\/p>\n<p>Couchot, E. (1998). La technologie dans l&rsquo;art de la photographie \u00e0 la r\u00e9alit\u00e9 virtuelle. N\u00eemes, J. Chambon.<\/p>\n<p>Couchot, E. (2007). Des images, du temps et des machines, dans les arts et la communication. N\u00eemes, \u00c9ditions Jacqueline Chambon.<\/p>\n<p>Couchot, E. and N. Hillaire (2003). L&rsquo;art num\u00e9rique : comment la technologie vient au monde de l&rsquo;art. Paris, Flammarion.<\/p>\n<p>Crary, J. (1999). Suspensions of perception attention, spectacle, and modern culture. Cambridge, Mass., MIT Press.<\/p>\n<p>Criqui, J.-P., et al. (2007). Replay Christian Marclay. Paris<br \/>\nMelbourne, Cit\u00e9 de la musique<br \/>\nAustralian Centre For The Moving Image.<\/p>\n<p>Cubitt, S. (2004). The cinema effect. Cambridge, Mass., MIT Press.<\/p>\n<p>Deleuze, G. (1983). L&rsquo;image-mouvement. Paris, \u00c9ditions de Minuit.<\/p>\n<p>Deleuze, G. (1985). L&rsquo;image-temps. Paris, \u00c9ditions de Minuit.<\/p>\n<p>D\u00e9otte, J.-L. (2004). L&rsquo;\u00e9poque des appareils. Paris, Lignes manifestes.<\/p>\n<p>Didi-Huberman, G. (1992). Ce que nous voyons, ce qui nous regarde. Paris, \u00c9ditions de Minuit.<\/p>\n<p>Didi-Huberman, G. (2000). Devant le temps histoire de l&rsquo;art et anachronisme des images. Paris, \u00c9ditions de Minuit.<\/p>\n<p>Duplaix, S., et al. (2004). Sons &amp; lumi\u00e8res : une histoire du son dans l&rsquo;art du XXe si\u00e8cle. Paris, Centre Pompidou.<\/p>\n<p>Enticknap, L. D. G. (2005). Moving image technology : from zoetrope to digital.<\/p>\n<p>Epstein, J., et al. (2014). L&rsquo;intelligence d&rsquo;une machine ; Le cin\u00e9ma du diable et autres \u00e9crits. Paris, Independencia \u00e9ditions.<\/p>\n<p>Esquenazi, J.-P. (1997). Vertov: L&rsquo;invention du r\u00e9el ! Paris, L&rsquo;Harmattan.<\/p>\n<p>Fischinger, O., et al. (2012). Oskar Fischinger 1900-1967 : experiments in cinematic abstraction. Amsterdam<br \/>\nLos Angeles, EYE Filmmuseum ;<br \/>\nCenter for Visual Music.<\/p>\n<p>Fishwick, P. A. (2006). Aesthetic computing. Cambridge, Mass., MIT Press.<\/p>\n<p>Font-R\u00e9aulx, D. d., et al. (2006). EJ Marey actes du colloque du centenaire [19-20 novembre 2004]. Paris, Arcadia: 1 vol. (199 ).<\/p>\n<p>Fourmentraux, J.-P. (2011). Artistes de laboratoire : recherche et cr\u00e9ation \u00e0 l&rsquo;\u00e8re num\u00e9rique. Paris, Hermann.<\/p>\n<p>Garnero, J.-B. and M.-A. Kermabon (2007). Du praxinoscope au cellulo : un demi-si\u00e8cle de cin\u00e9ma d&rsquo;animation en France (1892-1948). Paris, CNC.<\/p>\n<p>Gaudreault, A. and P. Marion (2013). La fin du cin\u00e9ma? : un m\u00e9dia en crise \u00e0 l&rsquo;\u00e8re du num\u00e9rique. Paris, Armand Colin.<\/p>\n<p>Goodman, N. (1990). Langages de l&rsquo;art une approche de la th\u00e9orie des symboles. N\u00eemes, J. Chambon.<\/p>\n<p>Goodman, N. (1992). Mani\u00e8res de faire des mondes. N\u00eemes, J. Chambon.<\/p>\n<p>Gosselin, P., et al. (2006). La recherche cr\u00e9ation : pour une compr\u00e9hension de la recherche en pratique artistique. Sainte-Foy, Presses de l&rsquo;Universit\u00e9 du Qu\u00e9bec.<\/p>\n<p>Gosselin, S., et al. (2008). Po\u00e9tiques du num\u00e9rique. Montpellier, l&rsquo;entretemps.<\/p>\n<p>Governatori, L. (2002). Andre\u00ef Tarkovski, l&rsquo;art et la pens\u00e9e. Paris, L&rsquo;Harmattan.<\/p>\n<p>Grau, O. (2003). Virtual art : from illusion to immersion. Cambridge, Mass., MIT Press.<\/p>\n<p>Guerin, P. (1995). Du soleil au x\u00e9non : les techniques d&rsquo;\u00e9clairage \u00e0 travers deux si\u00e8cles de projection. Paris, PRODIEX.<\/p>\n<p>Guigon, E., et al. (2005). L&rsquo;oeil moteur : art optique et cin\u00e9tique, 1950-1975. Strasbourg, Mus\u00e9es de Strasbourg.<\/p>\n<p>Hamus-Vall\u00e9e, R. (2004). Les effets sp\u00e9ciaux. Paris, Cahiers du cin\u00e9ma : SC\u00c9R\u00c9N-CNDP.<\/p>\n<p>Huhtamo, E. (2013). Illusions in motion : a media archaeology of the moving panorama and related spectacles. Cambridge Mass., The MIT Press.<\/p>\n<p>Kuhn, T. S. (1983). La structure des revolutions scientifiques. Paris, Flammarion.<\/p>\n<p>Lartigaud, D.-O. (2011). Art++. Orl\u00e9ans, HYX.<\/p>\n<p>Le Gall, G., et al. (2013). La peinture m\u00e9canique : le diorama de Daguerre. Paris, Mare &amp; Martin.<\/p>\n<p>Le moigne, J.-L. (2006). La th\u00e9orie du syst\u00e8me g\u00e9n\u00e9ral : th\u00e9orie de la mod\u00e9lisation, R\u00e9seau Intelligence de la Complexit\u00e9.<\/p>\n<p>Lemoine, S., et al. (2013). Dynamo : un si\u00e8cle de lumi\u00e8re et de mouvement dans l&rsquo;art, 1913-2013. Paris, R\u00e9union des mus\u00e9es nationaux&#8211;Grand Palais.<\/p>\n<p>Leroi-Gourhan, A. (1964). Technique et langage 105 dessins de l&rsquo;auteur. Paris, Albin Michel.<\/p>\n<p>Leroi-Gourhan, A. (1965). La memoire et les rythmes 48 dessins de l&rsquo;auteur. Paris, Albin Michel.<\/p>\n<p>Leuba, M., et al. (1995). Marey pionnier de la synth\u00e8se du mouvement. Paris, Editions de la R\u00e9union des mus\u00e9es nationaux.<\/p>\n<p>L\u00e9vi-Strauss, C. (1962). La pens\u00e9e sauvage. Paris, Plon.<\/p>\n<p>L\u00e9vy, P. (1995). Qu&rsquo;est-ce que le virtuel? Paris, La D\u00e9couverte.<\/p>\n<p>Lima, M. (2011). Visual complexity : mapping patterns of information. New York, N.Y., Princeton Architectural Press.<\/p>\n<p>Lund, C. and H. Lund (2009). Audio.visual : on visual music and related media. Stuttgart, Arnoldsche Art Publishers.<\/p>\n<p>Magny, J. (2001). Le point de vue : du regard du cin\u00e9aste \u00e0 la vision du spectateur. Paris, Cahiers du cin\u00e9ma.<\/p>\n<p>Mannoni, L., et al. (1999). Etienne-Jules Marey : la m\u00e9moire de l&rsquo;oeil : [catalogue d&rsquo;exposition]. Milan<br \/>\nParis, Mazzotta ;<br \/>\nCin\u00e9math\u00e8que fran\u00e7aise.<\/p>\n<p>Mannoni, L., et al. (2009). Lanterne magique et film peint : 400 ans de cin\u00e9ma. Paris, La Martini\u00e8re ; Cin\u00e9math\u00e8que francaise.<\/p>\n<p>Manovich, L. (2010). Le langage des nouveaux m\u00e9dias. Dijon, Les Presses du r\u00e9el.<\/p>\n<p>Manovich, L. (2013). Software takes command. New York, London, Bloomsbury Academic.<\/p>\n<p>McLuhan, M. (1968). Pour comprendre les m\u00e9dias les prolongements technologiques de l&rsquo;homme. Paris, Mame\/Seuil.<\/p>\n<p>Meusy, J. J. and Centre national de la recherche scientifique (France) (1995). Paris-Palaces ou le temps des cin\u00e9mas 1894-1918. Paris, Editions du CNRS.<\/p>\n<p>Montfort, N. (2003). Twisty little passages : an approach to interactive fiction. Cambridge, Mass., MIT Press.<\/p>\n<p>Morin, E. (1956). Le cin\u00e9ma ou l&rsquo;homme imaginaire, essai d&rsquo;anthropologie. Paris, Les \u00c9ditions de Minuit.<\/p>\n<p>Neumann, J. V. (1996). Th\u00e9orie g\u00e9n\u00e9rale et logique des automates. Seyssel, Champ Vallon.<\/p>\n<p>Ottinger, D., et al. (2008). Le futurisme \u00e0 Paris : une avant-garde explosive. Paris<br \/>\nMilan, \u00c9ditions du Centre Pompidou ;<br \/>\n5 Continents.<\/p>\n<p>Paquin, L.-C. (2006). Comprendre les m\u00e9dias interactifs. Montr\u00e9al, Isabelle Quentin.<\/p>\n<p>Parente, A. (2005). Cin\u00e9ma et narrativit\u00e9. Paris, L&rsquo;Harmattan.<\/p>\n<p>Pinel, V. (2001). Le montage : l&rsquo;espace et le temps du film. Paris, Cahiers du cin\u00e9ma ; CNDP.<\/p>\n<p>Pisano, G. (2004). Une arch\u00e9ologie du cin\u00e9ma sonore. Paris, CNRS \u00e9ditions.<\/p>\n<p>Pisano, G., et al. (2005). Le muet a la parole : cin\u00e9ma et performances \u00e0 l&rsquo;aube du XXe si\u00e8cle. Paris, Association fran\u00e7aise de recherche sur l&rsquo;histoire du cin\u00e9ma.<\/p>\n<p>Poissant, L. (1995). Esth\u00e9tique des arts m\u00e9diatiques. Sainte-Foy, Presses de l&rsquo;Universit\u00e9 du Qu\u00e9bec.<\/p>\n<p>Poissant, L. (2003). Esth\u00e9tique des arts m\u00e9diatiques : interfaces et sensorialit\u00e9. Sainte-Foy, Presses de l&rsquo;Universit\u00e9 du Qu\u00e9bec.<\/p>\n<p>Poissant, L., et al. (2008). Esth\u00e9tique des arts m\u00e9diatiques : prolif\u00e9ration des \u00e9crans = proliferation of screens. Qu\u00e9bec<br \/>\nToronto, Presses de l&rsquo;Universit\u00e9 du Qu\u00e9bec ;<br \/>\nRyerson University.<\/p>\n<p>Popper, F. and Mus\u00e9e d&rsquo;art moderne de la ville de Paris. (1983). Electra. Paris, Les amis du Musee d&rsquo;art moderne de la ville de Paris.<\/p>\n<p>Posner, M. I. (1989). Foundations of cognitive science. Cambridge, Mass., MIT Press.<\/p>\n<p>Qu\u00e9au, P. (1986). Eloge de la simulation : [de la vie des langages a la synthese des images]. Seyssel, France, Champ Vallon.<\/p>\n<p>Qu\u00e9au, P. (1993). Le virtuel vertus et vertiges. Seyssel, France<br \/>\nParis, Champ Vallon<br \/>\nInstitut national de l&rsquo;audiovisuel.<\/p>\n<p>Reas, C., et al. (2010). Form+code in design, art, and architecture. New York, Princeton Architectural Press.<\/p>\n<p>Rosnay, J. d. (1975). Le macroscope vers une vision globale. Paris, \u00c9ditions du Seuil.<\/p>\n<p>Sauer, T. (2009). Notations 21. New York, Mark Batty Publisher.<\/p>\n<p>Sch\u00f6ffer, N., et al. (2004). Nicolas Sch\u00f6ffer. Dijon, Presses du r\u00e9el.<\/p>\n<p>Shaw, J., et al. (2003). Future cinema : the cinematic imaginary after film. Cambridge, Mass.<br \/>\nKarlsruhe, MIT Press ;<br \/>\nZKM\/Center for Art and Media.<\/p>\n<p>Siety, E. (2001). Le plan au commencement du cin\u00e9ma. Paris, Cahiers du cin\u00e9ma : CNDP.<\/p>\n<p>Simondon, G. (1989). Du mode d&rsquo;existence des objets techniques. Paris, Aubier.<\/p>\n<p>Simondon, G. and J.-Y. Chateau (2005). L&rsquo;invention dans les techniques : cours et conf\u00e9rences. Paris, \u00c9ditions du Seuil.<\/p>\n<p>Simondon, G. and G. Simondon (2005). L&rsquo;individuation \u00e0 la lumi\u00e8re des notions de forme et d&rsquo;information. Grenoble, J. Millon.<\/p>\n<p>Snow, M., et al. (1999). Michael Snow panoramique : oeuvres photographiques &amp; films : 1962-1999 = Michel Snow : panoramique : photographic works &amp; films : 1962-1999 \/ [editing, Muriel Boutreur and al.]. Bruxelles, Soci\u00e9t\u00e9 des expositions du Palais des Beaux-arts.<\/p>\n<p>Stocker, G. and C. Sch\u00f6pf (2003). Code : the language of our time : code=law code=art code=life. Ostfildern-Ruit, Germany<br \/>\nNew York, NY, Hatje Cantz ;<br \/>\nDistributed Art Publishers.<\/p>\n<p>Tarkovski, A. (2014). Le temps scell\u00e9 : de l&rsquo;enfance d&rsquo;Ivan au Sacrifice. Paris, Philippe Rey.<\/p>\n<p>Tcherkassky, P., et al. (2003). \u00ab\u00a0Prismes : le cin\u00e9ma par lui-m\u00eame.\u00a0\u00bb Cinergon(16).<\/p>\n<p>Varela, F. J., et al. (1993). L&rsquo;inscription corporelle de l&rsquo;esprit sciences cognitives et exp\u00e9rience humaine. Paris, \u00c9ditions du Seuil.<\/p>\n<p>Vertov, D. (1972). Articles, journaux, projets. Paris, Cahiers du Cin\u00a9*ma.<\/p>\n<p>Vivi\u00e9, J., et al. (2006). Pr\u00e9lude au cin\u00e9ma : de la pr\u00e9histoire \u00e0 l&rsquo;invention. Paris, l&rsquo;Harmattan.<\/p>\n<p>Whitelaw, M. (2004). Metacreation : art and artificial life. Cambridge, Mass., MIT Press.<\/p>\n<p>Willoughby, D. (2009). Le cin\u00e9ma graphique : une histoire des dessins anim\u00e9s, des jouets d&rsquo;optique au cin\u00e9ma num\u00e9rique. Paris, Textuel.<\/p>\n<p>Wilson, S. (2002). Information arts intersections of art, science, and technology. Cambridge, Mass., MIT Press.<\/p>\n<p>Yates, F. A. (1975). L&rsquo;art de la memoire. Paris, Gallimard.<\/p>\n<p>Youngblood, G. (1970). Expanded Cinema. New York, Dutton &amp; CO.<\/p>\n<p>Zelevansky, L., et al. (2004). Beyond geometry : experiments in form, 1940s-70s. Cambridge, Ma, MIT Press.<\/p>\n","protected":false},"excerpt":{"rendered":"<p>Agamben, G. (2007). Qu&rsquo;est-ce qu&rsquo;un dispositif? Paris, Payot &amp; Rivages. Albera, F., et al. (2006). \u00ab\u00a0Cin\u00e9lekta 6.\u00a0\u00bb Cin\u00e9mas 17(1). Altena, A. (2012). Travelling Time : SONIC ACTS XIV. Amsterdam, Sonic Acts Press. Altena, A. (2013). The Dark Universe : SONIC ACTS XV. Amsterdam, Sonic Acts Press. Altena, A. and B. Debackere (2008). The Cinematic Experience&#8230;  <a class=\"excerpt-read-more\" href=\"https:\/\/thierryguibert.fr\/?page_id=123\" title=\"Read Bibliographie\">Read more &raquo;<\/a><\/p>\n","protected":false},"author":1,"featured_media":0,"parent":121,"menu_order":0,"comment_status":"closed","ping_status":"closed","template":"","meta":[],"acf":[],"_links":{"self":[{"href":"https:\/\/thierryguibert.fr\/index.php?rest_route=\/wp\/v2\/pages\/123"}],"collection":[{"href":"https:\/\/thierryguibert.fr\/index.php?rest_route=\/wp\/v2\/pages"}],"about":[{"href":"https:\/\/thierryguibert.fr\/index.php?rest_route=\/wp\/v2\/types\/page"}],"author":[{"embeddable":true,"href":"https:\/\/thierryguibert.fr\/index.php?rest_route=\/wp\/v2\/users\/1"}],"replies":[{"embeddable":true,"href":"https:\/\/thierryguibert.fr\/index.php?rest_route=%2Fwp%2Fv2%2Fcomments&post=123"}],"version-history":[{"count":5,"href":"https:\/\/thierryguibert.fr\/index.php?rest_route=\/wp\/v2\/pages\/123\/revisions"}],"predecessor-version":[{"id":331,"href":"https:\/\/thierryguibert.fr\/index.php?rest_route=\/wp\/v2\/pages\/123\/revisions\/331"}],"up":[{"embeddable":true,"href":"https:\/\/thierryguibert.fr\/index.php?rest_route=\/wp\/v2\/pages\/121"}],"wp:attachment":[{"href":"https:\/\/thierryguibert.fr\/index.php?rest_route=%2Fwp%2Fv2%2Fmedia&parent=123"}],"curies":[{"name":"wp","href":"https:\/\/api.w.org\/{rel}","templated":true}]}}