{"id":117,"date":"2015-08-20T18:50:36","date_gmt":"2015-08-20T18:50:36","guid":{"rendered":"http:\/\/thierryguibert.fr\/?page_id=117"},"modified":"2021-12-05T16:57:18","modified_gmt":"2021-12-05T16:57:18","slug":"le-projet-mecanique-generale","status":"publish","type":"page","link":"https:\/\/thierryguibert.fr\/?page_id=117","title":{"rendered":"M\u00e9canique G\u00e9n\u00e9rale"},"content":{"rendered":"<p>Ci-dessous, copies d&rsquo;\u00e9cran de \u00ab\u00a0M\u00e9canique g\u00e9n\u00e9rale\u00a0\u00bb : la galaxie des plans-s\u00e9quences<a href=\"http:\/\/thierryguibert.fr\/wp-content\/uploads\/2016\/10\/161029-2311-17.jpg\"><br \/>\n<img loading=\"lazy\" class=\"alignnone size-full wp-image-415\" src=\"http:\/\/thierryguibert.fr\/wp-content\/uploads\/2016\/10\/161029-2311-17.jpg\" alt=\"161029-2311-17\" width=\"1920\" height=\"1080\" srcset=\"https:\/\/thierryguibert.fr\/wp-content\/uploads\/2016\/10\/161029-2311-17.jpg 1920w, https:\/\/thierryguibert.fr\/wp-content\/uploads\/2016\/10\/161029-2311-17-300x169.jpg 300w, https:\/\/thierryguibert.fr\/wp-content\/uploads\/2016\/10\/161029-2311-17-768x432.jpg 768w, https:\/\/thierryguibert.fr\/wp-content\/uploads\/2016\/10\/161029-2311-17-1024x576.jpg 1024w\" sizes=\"(max-width: 1920px) 100vw, 1920px\" \/><\/a><a href=\"http:\/\/thierryguibert.fr\/wp-content\/uploads\/2016\/10\/161029-2303-25.jpg\"><img loading=\"lazy\" class=\"alignnone size-full wp-image-416\" src=\"http:\/\/thierryguibert.fr\/wp-content\/uploads\/2016\/10\/161029-2303-25.jpg\" alt=\"161029-2303-25\" width=\"1920\" height=\"1080\" srcset=\"https:\/\/thierryguibert.fr\/wp-content\/uploads\/2016\/10\/161029-2303-25.jpg 1920w, https:\/\/thierryguibert.fr\/wp-content\/uploads\/2016\/10\/161029-2303-25-300x169.jpg 300w, https:\/\/thierryguibert.fr\/wp-content\/uploads\/2016\/10\/161029-2303-25-768x432.jpg 768w, https:\/\/thierryguibert.fr\/wp-content\/uploads\/2016\/10\/161029-2303-25-1024x576.jpg 1024w\" sizes=\"(max-width: 1920px) 100vw, 1920px\" \/><br \/>\n<\/a><a href=\"http:\/\/thierryguibert.fr\/wp-content\/uploads\/2016\/10\/161029-2300-49.jpg\"><img loading=\"lazy\" class=\"alignnone size-full wp-image-417\" src=\"http:\/\/thierryguibert.fr\/wp-content\/uploads\/2016\/10\/161029-2300-49.jpg\" alt=\"161029-2300-49\" width=\"1920\" height=\"1080\" srcset=\"https:\/\/thierryguibert.fr\/wp-content\/uploads\/2016\/10\/161029-2300-49.jpg 1920w, https:\/\/thierryguibert.fr\/wp-content\/uploads\/2016\/10\/161029-2300-49-300x169.jpg 300w, https:\/\/thierryguibert.fr\/wp-content\/uploads\/2016\/10\/161029-2300-49-768x432.jpg 768w, https:\/\/thierryguibert.fr\/wp-content\/uploads\/2016\/10\/161029-2300-49-1024x576.jpg 1024w\" sizes=\"(max-width: 1920px) 100vw, 1920px\" \/><br \/>\n<\/a><a href=\"http:\/\/thierryguibert.fr\/wp-content\/uploads\/2016\/10\/161029-2304-27.jpg\"><img loading=\"lazy\" class=\"alignnone size-full wp-image-418\" src=\"http:\/\/thierryguibert.fr\/wp-content\/uploads\/2016\/10\/161029-2304-27.jpg\" alt=\"161029-2304-27\" width=\"1920\" height=\"1080\" srcset=\"https:\/\/thierryguibert.fr\/wp-content\/uploads\/2016\/10\/161029-2304-27.jpg 1920w, https:\/\/thierryguibert.fr\/wp-content\/uploads\/2016\/10\/161029-2304-27-300x169.jpg 300w, https:\/\/thierryguibert.fr\/wp-content\/uploads\/2016\/10\/161029-2304-27-768x432.jpg 768w, https:\/\/thierryguibert.fr\/wp-content\/uploads\/2016\/10\/161029-2304-27-1024x576.jpg 1024w\" sizes=\"(max-width: 1920px) 100vw, 1920px\" \/><\/a><\/p>\n<p>Ci-dessous, enregistrement d&rsquo;un moment de jeu dans \u00ab\u00a0M\u00e9canique g\u00e9n\u00e9rale\u00a0\u00bb : voyage au travers des photogrammes<br \/>\n<iframe loading=\"lazy\" src=\"https:\/\/www.youtube.com\/embed\/ioy12fZHAGs\" width=\"560\" height=\"315\" frameborder=\"0\" allowfullscreen=\"allowfullscreen\"><\/iframe><br \/>\nCi-dessous, enregistrement d&rsquo;un moment de jeu dans \u00ab\u00a0M\u00e9canique g\u00e9n\u00e9rale\u00a0\u00bb : s\u00e9lection d&rsquo;un mot-cl\u00e9 puis travelling autour d&rsquo;une ligne de temps<br \/>\n<iframe loading=\"lazy\" src=\"https:\/\/www.youtube.com\/embed\/5lVnIaoFsWU\" width=\"560\" height=\"315\" frameborder=\"0\" allowfullscreen=\"allowfullscreen\"><\/iframe><br \/>\n<strong><br \/>\nM\u00e9canique G\u00e9n\u00e9rale<\/strong><\/p>\n<p>M\u00e9canique g\u00e9n\u00e9rale est un projet artistique de film interactif. En prenant pour mat\u00e9riau, mais aussi pour mod\u00e8le le film <em>L\u2019Homme \u00e0 la cam\u00e9ra<\/em> de Dziga Vertov, en le d\u00e9construisant totalement, j&rsquo;ai imagin\u00e9 une nouvelle structure plastique rendant le film jouable. R\u00e9parties dans un espace virtuel \u00e0 trois dimensions et index\u00e9es dans une base de donn\u00e9es, les 115000 images du film deviennent manipulables. Au moyen d&rsquo;une manette de jeu vid\u00e9o, le visiteur traverse \u00ab la galaxie des images \u00bb et les r\u00e9organise, construisant ainsi une variante du film original.<br \/>\nM\u00e9canique G\u00e9n\u00e9rale interroge le cin\u00e9ma \u00e0 deux niveaux; le dispositif et son langage. Le projecteur r\u00e9versible du cin\u00e9matographe est d\u00e9sormais simul\u00e9 par une machine virtuelle qui lui ajoute des possibilit\u00e9s; variation des vitesses, interactivit\u00e9 avec les images, spatialisation et navigation dans l&rsquo;espace du film. La narration qui en d\u00e9coule mute vers une nouvelle forme \u00ab rhizomique \u00bb mixant \u00e0 la fois le catalogue et la lin\u00e9arit\u00e9. Dans M\u00e9canique G\u00e9n\u00e9rale, le temps du film est d&rsquo;abord gel\u00e9. On navigue au dessus de blocs d&rsquo;images. Ces blocs plus ou moins longs selon la longueur des plans-s\u00e9quences du film original sont manipulables comme des l\u00e9gos. Au hasard de son voyage ou bien en interrogeant le moteur de recherche, le visiteur assemble des lignes de temps qu&rsquo;il pourra ensuite visionner.<br \/>\nOn peut ainsi fabriquer des s\u00e9quences improbables \u00e0 partir du film original mais aussi revisiter le film<br \/>\nsuivant une cat\u00e9gorie voulue; un personnage : le cam\u00e9raman, un geste : tourner. C&rsquo;est toute la mati\u00e8re filmique\u00a0 de \u00ab L&rsquo;homme \u00e0 la cam\u00e9ra \u00bb qui devient ainsi modulable sous forme de lignes de temps. Il faut d\u00e9sormais avancer dans la construction temporelle pour voir la s\u00e9quence s&rsquo;activer.\u00a0 Une bande-son originale quadriphonique est g\u00e9n\u00e9r\u00e9e en temps r\u00e9el par l&rsquo;exploration du visiteur.<\/p>\n<p>-&gt; <a href=\"http:\/\/thierryguibert.fr\/?page_id=551\">Dessins<\/a><br \/>\n-&gt; <a href=\"http:\/\/thierryguibert.fr\/?page_id=562\">Textures<\/a><br \/>\n-&gt; <a href=\"http:\/\/thierryguibert.fr\/?page_id=580\">Copies d&rsquo;\u00e9cran<\/a><br \/>\n-&gt; <a href=\"http:\/\/thierryguibert.fr\/?page_id=620\">Base de donn\u00e9es<\/a><br \/>\n-&gt; <a href=\"http:\/\/thierryguibert.fr\/?page_id=787\">Vid\u00e9os<\/a><\/p>\n<p><strong><a href=\"http:\/\/thierryguibert.fr\/wp-content\/uploads\/2015\/09\/MecaGen-Compilation.jpg\"><img loading=\"lazy\" class=\"alignnone size-full wp-image-205\" src=\"http:\/\/thierryguibert.fr\/wp-content\/uploads\/2015\/09\/MecaGen-Compilation.jpg\" alt=\"MecaGen-Compilation\" width=\"2480\" height=\"3508\" srcset=\"https:\/\/thierryguibert.fr\/wp-content\/uploads\/2015\/09\/MecaGen-Compilation.jpg 2480w, https:\/\/thierryguibert.fr\/wp-content\/uploads\/2015\/09\/MecaGen-Compilation-212x300.jpg 212w, https:\/\/thierryguibert.fr\/wp-content\/uploads\/2015\/09\/MecaGen-Compilation-724x1024.jpg 724w\" sizes=\"(max-width: 2480px) 100vw, 2480px\" \/><\/a><\/strong><\/p>\n<p>G\u00e9n\u00e9rique<br \/>\n<strong>Conception :<\/strong> Thierry Guibert.<br \/>\n<strong>R\u00e9alisation :<\/strong> programmation du moteur graphique n\u00b01 (spatialisateur de photogrammes) et du moteur son, Beno\u00eet Courribet. Programation de l\u2019automate de g\u00e9n\u00e9ration des textures, Beno\u00eet Courribet. Programmation du moteur n\u00b02 (base de donn\u00e9es 3D) Simon Laroche. Base de donn\u00e9es, Thierry Guibert.<br \/>\n<strong>Production : <\/strong>Thierry Guibert, CIAM (Centre Inter-universitaire des Arts M\u00e9diatiques) de l\u2019UQAM (Universit\u00e9 du Qu\u00e9bec \u00e0 Montr\u00e9al), Bandits-Mages (Association de promotion des arts audiovisuels et multim\u00e9dia, Bourges), CICM (Centre Informatique de recherche et de Cr\u00e9ation Musicale, Universit\u00e9 de Paris 8, St Denis).<br \/>\n<strong>Technique de r\u00e9alisation :<\/strong> D\u00e9coupage du film et indexation des plans-s\u00e9quences \u00e0 la main dans une Base de donn\u00e9es SQL via EasyPhp, g\u00e9n\u00e9ration automatis\u00e9 des textures via un patch Max\/Msp, programmation des Moteurs graphiques N\u00b0 1 et 2 et du moteur son dans Max\/Msp et Jitter.<\/p>\n","protected":false},"excerpt":{"rendered":"<p>Ci-dessous, copies d&rsquo;\u00e9cran de \u00ab\u00a0M\u00e9canique g\u00e9n\u00e9rale\u00a0\u00bb : la galaxie des plans-s\u00e9quences Ci-dessous, enregistrement d&rsquo;un moment de jeu dans \u00ab\u00a0M\u00e9canique g\u00e9n\u00e9rale\u00a0\u00bb : voyage au travers des photogrammes Ci-dessous, enregistrement d&rsquo;un moment de jeu dans \u00ab\u00a0M\u00e9canique g\u00e9n\u00e9rale\u00a0\u00bb : s\u00e9lection d&rsquo;un mot-cl\u00e9 puis travelling autour d&rsquo;une ligne de temps M\u00e9canique G\u00e9n\u00e9rale M\u00e9canique g\u00e9n\u00e9rale est un projet artistique de&#8230;  <a class=\"excerpt-read-more\" href=\"https:\/\/thierryguibert.fr\/?page_id=117\" title=\"Read M\u00e9canique G\u00e9n\u00e9rale\">Read more &raquo;<\/a><\/p>\n","protected":false},"author":1,"featured_media":0,"parent":56,"menu_order":0,"comment_status":"closed","ping_status":"closed","template":"full-width.php","meta":[],"acf":[],"_links":{"self":[{"href":"https:\/\/thierryguibert.fr\/index.php?rest_route=\/wp\/v2\/pages\/117"}],"collection":[{"href":"https:\/\/thierryguibert.fr\/index.php?rest_route=\/wp\/v2\/pages"}],"about":[{"href":"https:\/\/thierryguibert.fr\/index.php?rest_route=\/wp\/v2\/types\/page"}],"author":[{"embeddable":true,"href":"https:\/\/thierryguibert.fr\/index.php?rest_route=\/wp\/v2\/users\/1"}],"replies":[{"embeddable":true,"href":"https:\/\/thierryguibert.fr\/index.php?rest_route=%2Fwp%2Fv2%2Fcomments&post=117"}],"version-history":[{"count":18,"href":"https:\/\/thierryguibert.fr\/index.php?rest_route=\/wp\/v2\/pages\/117\/revisions"}],"predecessor-version":[{"id":1229,"href":"https:\/\/thierryguibert.fr\/index.php?rest_route=\/wp\/v2\/pages\/117\/revisions\/1229"}],"up":[{"embeddable":true,"href":"https:\/\/thierryguibert.fr\/index.php?rest_route=\/wp\/v2\/pages\/56"}],"wp:attachment":[{"href":"https:\/\/thierryguibert.fr\/index.php?rest_route=%2Fwp%2Fv2%2Fmedia&parent=117"}],"curies":[{"name":"wp","href":"https:\/\/api.w.org\/{rel}","templated":true}]}}