{"id":115,"date":"2015-08-20T18:49:31","date_gmt":"2015-08-20T18:49:31","guid":{"rendered":"http:\/\/thierryguibert.fr\/?page_id=115"},"modified":"2016-10-29T23:07:23","modified_gmt":"2016-10-29T23:07:23","slug":"le-projet-r-a-m","status":"publish","type":"page","link":"https:\/\/thierryguibert.fr\/?page_id=115","title":{"rendered":"R.A.M"},"content":{"rendered":"<p><iframe loading=\"lazy\" src=\"https:\/\/www.youtube.com\/embed\/kfgV4xRVpew\" width=\"420\" height=\"315\" frameborder=\"0\" allowfullscreen=\"allowfullscreen\"><\/iframe><\/p>\n<p><strong>Random Access Memories<\/strong><\/p>\n<p>\u00ab Ceci est l\u2019histoire d\u2019un homme marqu\u00e9 par une image d\u2019enfance \u00bb , la Jet\u00e9e, Chris Marker.<\/p>\n<p>A Vierzon assist\u00e9 par les \u00e9l\u00e8ves de l\u2019option cin\u00e9ma du lyc\u00e9e Edouard Vailland, j\u2019ai film\u00e9 une dizaine de personnes \u00e0 qui j\u2019ai demand\u00e9 de se rem\u00e9morer leur pass\u00e9. Quels souvenirs gardez vous de votre enfance ? Comment voulez-vous nous les raconter ?<\/p>\n<p>Random Access Memories est une installation multim\u00e9dia. Sur des ordinateurs, les raconteurs film\u00e9s en plans serr\u00e9s racontent leur histoire. Au travers du r\u00e9cit de leurs m\u00e9moires d\u2019enfances, ces narrateurs pratiquent une plong\u00e9e mentale vers leur propre pass\u00e9. Un voyage interne peupl\u00e9 de souvenirs \u00e9parses qui s\u2019organisent \u00e0 mesure de la descente&#8230; dans le temps. Sous les ordinateurs, des poissons rouges film\u00e9s et \u201ctrack\u00e9s\u201d par des cam\u00e9ras WebCams activent, et r\u00e9organisent ces diff\u00e9rents r\u00e9cits pour une autre histoire. Une histoire improbable s\u00e9lectionn\u00e9e par le poisson-pilote : le v\u00e9ritable monteur du film.<\/p>\n<p>Random Access Memories connecte trois logiques; celle de l&rsquo;homme, celle de l&rsquo;animal et celle d&rsquo;un ordinateur-interface. On voit d&rsquo;abord un ensemble de c\u00e2bles et d&rsquo;ordinateurs accroch\u00e9s en l&rsquo;air dans une ambiance bleue-vid\u00e9o liquide, le tout tr\u00e8s bavard. Puis devant chaque module, on \u00e9coute les individus raconter ou bien se perdre dans leurs souvenirs ou encore \u00ab b\u00e9gailler \u00bb ou \u00ab beuguer \u00bb devrait on dire ? Car en observant attentivement les modules en activit\u00e9 on comprend que l&rsquo;effort film\u00e9 des humains pour reconstruire leurs souvenirs est perturb\u00e9 par le mouvement al\u00e9atoire des poissons qui activent au gr\u00e9 de leurs mouvements diff\u00e9rentes vid\u00e9os. Ici, le bocal est devenu l&rsquo;espace de la m\u00e9moire dans lequel les souvenirs ont \u00e9t\u00e9 inscrits (spatialis\u00e9s). En se d\u00e9pla\u00e7ant dans celui-ci, c&rsquo;est le poisson qui pilote la m\u00e9moire de l&rsquo;humain et non l&rsquo;humain qui pilote sa propre m\u00e9moire. A la mani\u00e8re d&rsquo;un jeu vid\u00e9o sans fin, les poisson naviguent, sans le savoir ?, dans un espace m\u00e9moriel humain et reconfigurent les histoires. Mais aussi, malgr\u00e9 les apparences, on se rappellera que l&rsquo;ordinateur &#8211; devenu proth\u00e8se de nos m\u00e9moires &#8211; fonctionne lui aussi de mani\u00e8re chaotique. Sa m\u00e9moire vive, la RAM, celle qui fonctionne en mode \u00ab \u00e9veill\u00e9 \u00bb et qui lui permet de travailler, doit pouvoir acc\u00e9der facilement \u00e0 une information plac\u00e9e al\u00e9atoirement dans son espace m\u00e9moriel, sans pr\u00e9juger au pr\u00e9alable de la coh\u00e9rence globale d&rsquo;un groupe d&rsquo;informations. L&rsquo;hyper-fragmentation qui d\u00e9coupe la forme et le placement au hasard des diff\u00e9rents \u00e9l\u00e9ments dans son espace sont \u00e0 la base de son \u00e9trange fonctionnement. Et pourtant il devient \u2013 \u00e0 la suite des Cath\u00e9drales et des livres &#8211; la plus grande proth\u00e8se m\u00e9morielle que l&rsquo;humanit\u00e9 n&rsquo;a jamais connue.<\/p>\n<a href=\"http:\/\/thierryguibert.fr\/wp-content\/uploads\/2015\/09\/RAM.jpg\"><img loading=\"lazy\" class=\"alignnone size-full wp-image-193\" src=\"http:\/\/thierryguibert.fr\/wp-content\/uploads\/2015\/09\/RAM.jpg\" alt=\"RAM\" width=\"2480\" height=\"3508\" srcset=\"https:\/\/thierryguibert.fr\/wp-content\/uploads\/2015\/09\/RAM.jpg 2480w, https:\/\/thierryguibert.fr\/wp-content\/uploads\/2015\/09\/RAM-212x300.jpg 212w, https:\/\/thierryguibert.fr\/wp-content\/uploads\/2015\/09\/RAM-724x1024.jpg 724w\" sizes=\"(max-width: 2480px) 100vw, 2480px\" \/><\/a>\n<p><strong>G\u00e9n\u00e9rique<\/strong><br \/>\n<strong>Conception :<\/strong> Thierry Guibert<br \/>\n<strong>Programmation informatique :<\/strong> Beno\u00eet Courribet<br \/>\n<strong>Construction sc\u00e9nographique :<\/strong> Dominique Leroy<br \/>\n<strong>Production :<\/strong> Bandits-Mages<br \/>\n<strong>Partenaires : <\/strong>Le lyc\u00e9e Edouard Vaillant de Vierzon, Aux Arts Lyc\u00e9ens &#8211; R\u00e9gion Centre, la ville de Bourges, le Conseil R\u00e9gional du Centre, le Conseil G\u00e9n\u00e9ral du Cher, la DRAC Centre, l\u2019ESAC (Ecole Sup\u00e9rieure des Arts et de la Communication de la ville de Pau)<br \/>\n<strong>Technique de r\u00e9alisation : <\/strong>Prises de vue et prises de sons num\u00e9riques, montage vid\u00e9o sous Final Cut Pro, programmation multim\u00e9dia dans MAX\/MSP, construction sc\u00e9nographique; m\u00e9dium et c\u00e2bles m\u00e9talliques.<\/p>\n","protected":false},"excerpt":{"rendered":"<p>Random Access Memories \u00ab Ceci est l\u2019histoire d\u2019un homme marqu\u00e9 par une image d\u2019enfance \u00bb , la Jet\u00e9e, Chris Marker. A Vierzon assist\u00e9 par les \u00e9l\u00e8ves de l\u2019option cin\u00e9ma du lyc\u00e9e Edouard Vailland, j\u2019ai film\u00e9 une dizaine de personnes \u00e0 qui j\u2019ai demand\u00e9 de se rem\u00e9morer leur pass\u00e9. Quels souvenirs gardez vous de votre enfance&#8230;  <a class=\"excerpt-read-more\" href=\"https:\/\/thierryguibert.fr\/?page_id=115\" title=\"Read R.A.M\">Read more &raquo;<\/a><\/p>\n","protected":false},"author":1,"featured_media":0,"parent":56,"menu_order":0,"comment_status":"closed","ping_status":"closed","template":"full-width.php","meta":[],"acf":[],"_links":{"self":[{"href":"https:\/\/thierryguibert.fr\/index.php?rest_route=\/wp\/v2\/pages\/115"}],"collection":[{"href":"https:\/\/thierryguibert.fr\/index.php?rest_route=\/wp\/v2\/pages"}],"about":[{"href":"https:\/\/thierryguibert.fr\/index.php?rest_route=\/wp\/v2\/types\/page"}],"author":[{"embeddable":true,"href":"https:\/\/thierryguibert.fr\/index.php?rest_route=\/wp\/v2\/users\/1"}],"replies":[{"embeddable":true,"href":"https:\/\/thierryguibert.fr\/index.php?rest_route=%2Fwp%2Fv2%2Fcomments&post=115"}],"version-history":[{"count":9,"href":"https:\/\/thierryguibert.fr\/index.php?rest_route=\/wp\/v2\/pages\/115\/revisions"}],"predecessor-version":[{"id":375,"href":"https:\/\/thierryguibert.fr\/index.php?rest_route=\/wp\/v2\/pages\/115\/revisions\/375"}],"up":[{"embeddable":true,"href":"https:\/\/thierryguibert.fr\/index.php?rest_route=\/wp\/v2\/pages\/56"}],"wp:attachment":[{"href":"https:\/\/thierryguibert.fr\/index.php?rest_route=%2Fwp%2Fv2%2Fmedia&parent=115"}],"curies":[{"name":"wp","href":"https:\/\/api.w.org\/{rel}","templated":true}]}}